{"id":38,"date":"2025-07-27T09:58:08","date_gmt":"2025-07-27T09:58:08","guid":{"rendered":"https:\/\/miasto-lukow.home.pl\/autoinstalator\/wordpress\/?page_id=38"},"modified":"2025-09-18T20:40:37","modified_gmt":"2025-09-18T20:40:37","slug":"wyprawka","status":"publish","type":"page","link":"https:\/\/zlobek.lukow.pl\/index.php\/wyprawka\/","title":{"rendered":"Wyprawka"},"content":{"rendered":"\n<p><\/p>\n\n\n\n<div class=\"wp-block-uagb-image aligncenter uagb-block-dcbb187e wp-block-uagb-image--layout-default wp-block-uagb-image--effect-static wp-block-uagb-image--align-center\"><figure class=\"wp-block-uagb-image__figure\"><img decoding=\"async\" data-srcset=\"https:\/\/miasto-lukow.home.pl\/autoinstalator\/wordpress\/wp-content\/uploads\/2025\/09\/wyprawka_OKI-1.png ,https:\/\/miasto-lukow.home.pl\/autoinstalator\/wordpress\/wp-content\/uploads\/2025\/09\/wyprawka_OKI-1.png 780w, https:\/\/miasto-lukow.home.pl\/autoinstalator\/wordpress\/wp-content\/uploads\/2025\/09\/wyprawka_OKI-1.png 360w\" data-sizes=\"auto, (max-width: 480px) 150px\" data-src=\"https:\/\/miasto-lukow.home.pl\/autoinstalator\/wordpress\/wp-content\/uploads\/2025\/09\/wyprawka_OKI-1.png\" alt=\"\" class=\"uag-image-750 lazyload\" width=\"441\" height=\"420\" title=\"wyprawka_OKI\" role=\"img\" src=\"data:image\/svg+xml;base64,PHN2ZyB3aWR0aD0iMSIgaGVpZ2h0PSIxIiB4bWxucz0iaHR0cDovL3d3dy53My5vcmcvMjAwMC9zdmciPjwvc3ZnPg==\" style=\"--smush-placeholder-width: 441px; --smush-placeholder-aspect-ratio: 441\/420;\" \/><\/figure><\/div>\n\n\n\n<div style=\"height:19px\" aria-hidden=\"true\" class=\"wp-block-spacer\"><\/div>\n\n\n\n<div class=\"wp-block-uagb-container uagb-block-ad2665ac alignfull uagb-is-root-container\"><div class=\"uagb-container-inner-blocks-wrap\">\n<div class=\"wp-block-uagb-advanced-heading uagb-block-8722fa7a\"><h2 class=\"uagb-heading-text\"><strong>Wyprawka do \u017b\u0142obka Miejskiego Nr 1 w \u0141ukowie<\/strong><\/h2><\/div>\n<\/div><\/div>\n\n\n\n<ol class=\"wp-block-list\">\n<li>Ubranka do \u017c\u0142obka<br>\u2022 Obuwie do \u017c\u0142obka antypo\u015blizgowe \u2013 na rzepy, wsuwane, bez sznur\u00f3wek<br>\u2022 Komplet ubranek (majteczki, rajstopki, skarpety, bluzeczki \u2013 w podpisanym worku w szatni)<\/li>\n<\/ol>\n\n\n\n<ol start=\"2\" class=\"wp-block-list\">\n<li>Ubranka na spacer stosownie do pogody<br>\u2022 Kurtka, spodnie w zimie ocieplane wodoodporne, r\u0119kawiczki jednopalcowe nieprzemakalne, szalik, czapka, sweter lub polar<br>\u2022 Obuwie zim\u0105 ocieplane nie wi\u0105zane, na deszczowe dni najlepiej kalosze (zwyk\u0142e r\u00f3wnie\u017c)<br>\u2022 W gor\u0105ce s\u0142oneczne dni konieczne nakrycie g\u0142owy!<\/li>\n<\/ol>\n\n\n\n<ol start=\"3\" class=\"wp-block-list\">\n<li>Relaksacja, odpoczynek<br>\u2022 Smoczek (je\u017celi dziecko u\u017cywa) z zawieszk\u0105, podpisany<br>\u2022 Po\u015bciel \u2013 kocyk lub ko\u0142derka o wymiarach 100&#215;150 oraz poduszeczka, spakowane w torbie foliowej<br>\u2022 R\u0119cznik o wym. ok. 30&#215;40 cm, podpisany<\/li>\n<\/ol>\n\n\n\n<ol start=\"4\" class=\"wp-block-list\">\n<li>Artyku\u0142y higieniczne:<br>\u2022 Chusteczki higieniczne suche \u2013 pude\u0142ko 1 raz na 2 miesi\u0105ce<br>\u2022 Chusteczki nawil\u017cane jakich u\u017cywa dziecko \u2013 pude\u0142ko 1 raz na miesi\u0105c<br>\u2022 R\u0119kawiczki jednorazowe \u2013 pude\u0142ko 1 raz na p\u00f3\u0142rocze rozm. S\/M<br>\u2022 Pieluszki jednorazowe, je\u015bli jeszcze ich u\u017cywa (podpisana paczka)<br>\u2022 Krem u\u017cywany w domu do piel\u0119gnacji sk\u00f3ry dziecka, podpisany<\/li>\n<\/ol>\n\n\n\n<p class=\"has-black-color has-text-color has-link-color wp-elements-b669c9f34f4aebd6bea7b12c95c4d1e4\">Uwagi dotycz\u0105ce ubierania dziecka do \u017c\u0142obka:<br>\u2022 Spodnie, sp\u00f3dniczki na gumk\u0119<br>\u2022 Nakrycie g\u0142owy (tak\u017ce w okresie letnim)<br>\u2022 Bluzki z odpowiednio lu\u017anymi r\u0119kawami , aby mo\u017cna by\u0142o swobodnie podci\u0105gn\u0105\u0107 do mycia r\u0105k<br>\u2022 Buty wyj\u015bciowe (bezpieczne, <strong>nie klapki<\/strong>, \u0142atwe do wk\u0142adania, zapinane na rzep)<\/p>\n\n\n\n<p><strong>Wszystkie ubranka dziecka oraz przybory powinny by\u0107 oznakowane.<\/strong><\/p>\n","protected":false},"excerpt":{"rendered":"<p>Wyprawka do \u017b\u0142obka Miejskiego Nr 1 w \u0141ukowie Uwagi dotycz\u0105ce ubierania dziecka do \u017c\u0142obka:\u2022 Spodnie, sp\u00f3dniczki na gumk\u0119\u2022 Nakrycie g\u0142owy (tak\u017ce w okresie letnim)\u2022 Bluzki z odpowiednio lu\u017anymi r\u0119kawami , aby mo\u017cna by\u0142o swobodnie podci\u0105gn\u0105\u0107 do mycia r\u0105k\u2022 Buty wyj\u015bciowe (bezpieczne, nie klapki, \u0142atwe do wk\u0142adania, zapinane na rzep) Wszystkie ubranka dziecka oraz przybory powinny <a class=\"read-more-link\" href=\"https:\/\/zlobek.lukow.pl\/index.php\/wyprawka\/\">Read More<\/a><\/p>\n","protected":false},"author":1,"featured_media":708,"parent":0,"menu_order":0,"comment_status":"closed","ping_status":"closed","template":"","meta":{"_editorskit_title_hidden":false,"_editorskit_reading_time":0,"_editorskit_is_block_options_detached":false,"_editorskit_block_options_position":"{}","_eb_attr":"","_uag_custom_page_level_css":"","footnotes":""},"class_list":["post-38","page","type-page","status-publish","has-post-thumbnail","hentry"],"yoast_head":"<!-- This site is optimized with the Yoast SEO plugin v25.9 - https:\/\/yoast.com\/wordpress\/plugins\/seo\/ -->\n<title>Wyprawka - M\u00f3j \u017c\u0142obek<\/title>\n<meta name=\"robots\" content=\"index, follow, max-snippet:-1, max-image-preview:large, max-video-preview:-1\" \/>\n<link rel=\"canonical\" href=\"http:\/\/zlobek.lukow.pl\/index.php\/wyprawka\/\" \/>\n<meta property=\"og:locale\" content=\"pl_PL\" \/>\n<meta property=\"og:type\" content=\"article\" \/>\n<meta property=\"og:title\" content=\"Wyprawka - M\u00f3j \u017c\u0142obek\" \/>\n<meta property=\"og:description\" content=\"Wyprawka do \u017b\u0142obka Miejskiego Nr 1 w \u0141ukowie Uwagi dotycz\u0105ce ubierania dziecka do \u017c\u0142obka:\u2022 Spodnie, sp\u00f3dniczki na gumk\u0119\u2022 Nakrycie g\u0142owy (tak\u017ce w okresie letnim)\u2022 Bluzki z odpowiednio lu\u017anymi r\u0119kawami , aby mo\u017cna by\u0142o swobodnie podci\u0105gn\u0105\u0107 do mycia r\u0105k\u2022 Buty wyj\u015bciowe (bezpieczne, nie klapki, \u0142atwe do wk\u0142adania, zapinane na rzep) Wszystkie ubranka dziecka oraz przybory powinny Read More\" \/>\n<meta property=\"og:url\" content=\"http:\/\/zlobek.lukow.pl\/index.php\/wyprawka\/\" \/>\n<meta property=\"og:site_name\" content=\"M\u00f3j \u017c\u0142obek\" \/>\n<meta property=\"article:publisher\" content=\"https:\/\/www.facebook.com\/zlobek.lukow\/\" \/>\n<meta property=\"article:modified_time\" content=\"2025-09-18T20:40:37+00:00\" \/>\n<meta property=\"og:image\" content=\"http:\/\/zlobek.lukow.pl\/wp-content\/uploads\/2025\/09\/wyprawka_OKI.png\" \/>\n\t<meta property=\"og:image:width\" content=\"604\" \/>\n\t<meta property=\"og:image:height\" content=\"575\" \/>\n\t<meta property=\"og:image:type\" content=\"image\/png\" \/>\n<meta name=\"twitter:card\" content=\"summary_large_image\" \/>\n<meta name=\"twitter:label1\" content=\"Szacowany czas czytania\" \/>\n\t<meta name=\"twitter:data1\" content=\"1 minuta\" \/>\n<script type=\"application\/ld+json\" class=\"yoast-schema-graph\">{\"@context\":\"https:\/\/schema.org\",\"@graph\":[{\"@type\":\"WebPage\",\"@id\":\"http:\/\/zlobek.lukow.pl\/index.php\/wyprawka\/\",\"url\":\"http:\/\/zlobek.lukow.pl\/index.php\/wyprawka\/\",\"name\":\"Wyprawka - M\u00f3j \u017c\u0142obek\",\"isPartOf\":{\"@id\":\"http:\/\/zlobek.lukow.pl\/#website\"},\"primaryImageOfPage\":{\"@id\":\"http:\/\/zlobek.lukow.pl\/index.php\/wyprawka\/#primaryimage\"},\"image\":{\"@id\":\"http:\/\/zlobek.lukow.pl\/index.php\/wyprawka\/#primaryimage\"},\"thumbnailUrl\":\"https:\/\/zlobek.lukow.pl\/wp-content\/uploads\/2025\/09\/wyprawka_OKI.png\",\"datePublished\":\"2025-07-27T09:58:08+00:00\",\"dateModified\":\"2025-09-18T20:40:37+00:00\",\"breadcrumb\":{\"@id\":\"http:\/\/zlobek.lukow.pl\/index.php\/wyprawka\/#breadcrumb\"},\"inLanguage\":\"pl-PL\",\"potentialAction\":[{\"@type\":\"ReadAction\",\"target\":[\"http:\/\/zlobek.lukow.pl\/index.php\/wyprawka\/\"]}]},{\"@type\":\"ImageObject\",\"inLanguage\":\"pl-PL\",\"@id\":\"http:\/\/zlobek.lukow.pl\/index.php\/wyprawka\/#primaryimage\",\"url\":\"https:\/\/zlobek.lukow.pl\/wp-content\/uploads\/2025\/09\/wyprawka_OKI.png\",\"contentUrl\":\"https:\/\/zlobek.lukow.pl\/wp-content\/uploads\/2025\/09\/wyprawka_OKI.png\",\"width\":604,\"height\":575},{\"@type\":\"BreadcrumbList\",\"@id\":\"http:\/\/zlobek.lukow.pl\/index.php\/wyprawka\/#breadcrumb\",\"itemListElement\":[{\"@type\":\"ListItem\",\"position\":1,\"name\":\"Strona g\u0142\u00f3wna\",\"item\":\"http:\/\/zlobek.lukow.pl\/\"},{\"@type\":\"ListItem\",\"position\":2,\"name\":\"Wyprawka\"}]},{\"@type\":\"WebSite\",\"@id\":\"http:\/\/zlobek.lukow.pl\/#website\",\"url\":\"http:\/\/zlobek.lukow.pl\/\",\"name\":\"M\u00f3j \u017c\u0142obek\",\"description\":\"Rozwijaj pasje i odkrywaj \u015bwiat \u2013 z nami ka\u017cde dziecko jest wyj\u0105tkowe!\",\"publisher\":{\"@id\":\"http:\/\/zlobek.lukow.pl\/#organization\"},\"potentialAction\":[{\"@type\":\"SearchAction\",\"target\":{\"@type\":\"EntryPoint\",\"urlTemplate\":\"http:\/\/zlobek.lukow.pl\/?s={search_term_string}\"},\"query-input\":{\"@type\":\"PropertyValueSpecification\",\"valueRequired\":true,\"valueName\":\"search_term_string\"}}],\"inLanguage\":\"pl-PL\"},{\"@type\":\"Organization\",\"@id\":\"http:\/\/zlobek.lukow.pl\/#organization\",\"name\":\"M\u00f3j \u017c\u0142obek\",\"url\":\"http:\/\/zlobek.lukow.pl\/\",\"logo\":{\"@type\":\"ImageObject\",\"inLanguage\":\"pl-PL\",\"@id\":\"http:\/\/zlobek.lukow.pl\/#\/schema\/logo\/image\/\",\"url\":\"https:\/\/zlobek.lukow.pl\/wp-content\/uploads\/2025\/09\/cropped-cropped-logo-zlobek8.png\",\"contentUrl\":\"https:\/\/zlobek.lukow.pl\/wp-content\/uploads\/2025\/09\/cropped-cropped-logo-zlobek8.png\",\"width\":1620,\"height\":326,\"caption\":\"M\u00f3j \u017c\u0142obek\"},\"image\":{\"@id\":\"http:\/\/zlobek.lukow.pl\/#\/schema\/logo\/image\/\"},\"sameAs\":[\"https:\/\/www.facebook.com\/zlobek.lukow\/\"]}]}<\/script>\n<!-- \/ Yoast SEO plugin. -->","yoast_head_json":{"title":"Wyprawka - M\u00f3j \u017c\u0142obek","robots":{"index":"index","follow":"follow","max-snippet":"max-snippet:-1","max-image-preview":"max-image-preview:large","max-video-preview":"max-video-preview:-1"},"canonical":"http:\/\/zlobek.lukow.pl\/index.php\/wyprawka\/","og_locale":"pl_PL","og_type":"article","og_title":"Wyprawka - M\u00f3j \u017c\u0142obek","og_description":"Wyprawka do \u017b\u0142obka Miejskiego Nr 1 w \u0141ukowie Uwagi dotycz\u0105ce ubierania dziecka do \u017c\u0142obka:\u2022 Spodnie, sp\u00f3dniczki na gumk\u0119\u2022 Nakrycie g\u0142owy (tak\u017ce w okresie letnim)\u2022 Bluzki z odpowiednio lu\u017anymi r\u0119kawami , aby mo\u017cna by\u0142o swobodnie podci\u0105gn\u0105\u0107 do mycia r\u0105k\u2022 Buty wyj\u015bciowe (bezpieczne, nie klapki, \u0142atwe do wk\u0142adania, zapinane na rzep) Wszystkie ubranka dziecka oraz przybory powinny Read More","og_url":"http:\/\/zlobek.lukow.pl\/index.php\/wyprawka\/","og_site_name":"M\u00f3j \u017c\u0142obek","article_publisher":"https:\/\/www.facebook.com\/zlobek.lukow\/","article_modified_time":"2025-09-18T20:40:37+00:00","og_image":[{"width":604,"height":575,"url":"http:\/\/zlobek.lukow.pl\/wp-content\/uploads\/2025\/09\/wyprawka_OKI.png","type":"image\/png"}],"twitter_card":"summary_large_image","twitter_misc":{"Szacowany czas czytania":"1 minuta"},"schema":{"@context":"https:\/\/schema.org","@graph":[{"@type":"WebPage","@id":"http:\/\/zlobek.lukow.pl\/index.php\/wyprawka\/","url":"http:\/\/zlobek.lukow.pl\/index.php\/wyprawka\/","name":"Wyprawka - M\u00f3j \u017c\u0142obek","isPartOf":{"@id":"http:\/\/zlobek.lukow.pl\/#website"},"primaryImageOfPage":{"@id":"http:\/\/zlobek.lukow.pl\/index.php\/wyprawka\/#primaryimage"},"image":{"@id":"http:\/\/zlobek.lukow.pl\/index.php\/wyprawka\/#primaryimage"},"thumbnailUrl":"https:\/\/zlobek.lukow.pl\/wp-content\/uploads\/2025\/09\/wyprawka_OKI.png","datePublished":"2025-07-27T09:58:08+00:00","dateModified":"2025-09-18T20:40:37+00:00","breadcrumb":{"@id":"http:\/\/zlobek.lukow.pl\/index.php\/wyprawka\/#breadcrumb"},"inLanguage":"pl-PL","potentialAction":[{"@type":"ReadAction","target":["http:\/\/zlobek.lukow.pl\/index.php\/wyprawka\/"]}]},{"@type":"ImageObject","inLanguage":"pl-PL","@id":"http:\/\/zlobek.lukow.pl\/index.php\/wyprawka\/#primaryimage","url":"https:\/\/zlobek.lukow.pl\/wp-content\/uploads\/2025\/09\/wyprawka_OKI.png","contentUrl":"https:\/\/zlobek.lukow.pl\/wp-content\/uploads\/2025\/09\/wyprawka_OKI.png","width":604,"height":575},{"@type":"BreadcrumbList","@id":"http:\/\/zlobek.lukow.pl\/index.php\/wyprawka\/#breadcrumb","itemListElement":[{"@type":"ListItem","position":1,"name":"Strona g\u0142\u00f3wna","item":"http:\/\/zlobek.lukow.pl\/"},{"@type":"ListItem","position":2,"name":"Wyprawka"}]},{"@type":"WebSite","@id":"http:\/\/zlobek.lukow.pl\/#website","url":"http:\/\/zlobek.lukow.pl\/","name":"M\u00f3j \u017c\u0142obek","description":"Rozwijaj pasje i odkrywaj \u015bwiat \u2013 z nami ka\u017cde dziecko jest wyj\u0105tkowe!","publisher":{"@id":"http:\/\/zlobek.lukow.pl\/#organization"},"potentialAction":[{"@type":"SearchAction","target":{"@type":"EntryPoint","urlTemplate":"http:\/\/zlobek.lukow.pl\/?s={search_term_string}"},"query-input":{"@type":"PropertyValueSpecification","valueRequired":true,"valueName":"search_term_string"}}],"inLanguage":"pl-PL"},{"@type":"Organization","@id":"http:\/\/zlobek.lukow.pl\/#organization","name":"M\u00f3j \u017c\u0142obek","url":"http:\/\/zlobek.lukow.pl\/","logo":{"@type":"ImageObject","inLanguage":"pl-PL","@id":"http:\/\/zlobek.lukow.pl\/#\/schema\/logo\/image\/","url":"https:\/\/zlobek.lukow.pl\/wp-content\/uploads\/2025\/09\/cropped-cropped-logo-zlobek8.png","contentUrl":"https:\/\/zlobek.lukow.pl\/wp-content\/uploads\/2025\/09\/cropped-cropped-logo-zlobek8.png","width":1620,"height":326,"caption":"M\u00f3j \u017c\u0142obek"},"image":{"@id":"http:\/\/zlobek.lukow.pl\/#\/schema\/logo\/image\/"},"sameAs":["https:\/\/www.facebook.com\/zlobek.lukow\/"]}]}},"uagb_featured_image_src":{"full":["https:\/\/zlobek.lukow.pl\/wp-content\/uploads\/2025\/09\/wyprawka_OKI.png",604,575,false],"thumbnail":["https:\/\/zlobek.lukow.pl\/wp-content\/uploads\/2025\/09\/wyprawka_OKI-150x150.png",150,150,true],"medium":["https:\/\/zlobek.lukow.pl\/wp-content\/uploads\/2025\/09\/wyprawka_OKI-300x286.png",300,286,true],"medium_large":["https:\/\/zlobek.lukow.pl\/wp-content\/uploads\/2025\/09\/wyprawka_OKI.png",604,575,false],"large":["https:\/\/zlobek.lukow.pl\/wp-content\/uploads\/2025\/09\/wyprawka_OKI.png",604,575,false],"1536x1536":["https:\/\/zlobek.lukow.pl\/wp-content\/uploads\/2025\/09\/wyprawka_OKI.png",604,575,false],"2048x2048":["https:\/\/zlobek.lukow.pl\/wp-content\/uploads\/2025\/09\/wyprawka_OKI.png",604,575,false],"homepage-slider":["https:\/\/zlobek.lukow.pl\/wp-content\/uploads\/2025\/09\/wyprawka_OKI-604x500.png",604,500,true],"homepage-slider-small":["https:\/\/zlobek.lukow.pl\/wp-content\/uploads\/2025\/09\/wyprawka_OKI-604x500.png",604,500,true],"page-top":["https:\/\/zlobek.lukow.pl\/wp-content\/uploads\/2025\/09\/wyprawka_OKI.png",604,575,false],"page-small":["https:\/\/zlobek.lukow.pl\/wp-content\/uploads\/2025\/09\/wyprawka_OKI.png",604,575,false],"loop-main":["https:\/\/zlobek.lukow.pl\/wp-content\/uploads\/2025\/09\/wyprawka_OKI-365x240.png",365,240,true],"thumb-gallery-widget":["https:\/\/zlobek.lukow.pl\/wp-content\/uploads\/2025\/09\/wyprawka_OKI-84x56.png",84,56,true]},"uagb_author_info":{"display_name":"admin","author_link":"https:\/\/zlobek.lukow.pl\/index.php\/author\/admin\/"},"uagb_comment_info":0,"uagb_excerpt":"Wyprawka do \u017b\u0142obka Miejskiego Nr 1 w \u0141ukowie Uwagi dotycz\u0105ce ubierania dziecka do \u017c\u0142obka:\u2022 Spodnie, sp\u00f3dniczki na gumk\u0119\u2022 Nakrycie g\u0142owy (tak\u017ce w okresie letnim)\u2022 Bluzki z odpowiednio lu\u017anymi r\u0119kawami , aby mo\u017cna by\u0142o swobodnie podci\u0105gn\u0105\u0107 do mycia r\u0105k\u2022 Buty wyj\u015bciowe (bezpieczne, nie klapki, \u0142atwe do wk\u0142adania, zapinane na rzep) Wszystkie ubranka dziecka oraz przybory powinny&hellip;","_links":{"self":[{"href":"https:\/\/zlobek.lukow.pl\/index.php\/wp-json\/wp\/v2\/pages\/38","targetHints":{"allow":["GET"]}}],"collection":[{"href":"https:\/\/zlobek.lukow.pl\/index.php\/wp-json\/wp\/v2\/pages"}],"about":[{"href":"https:\/\/zlobek.lukow.pl\/index.php\/wp-json\/wp\/v2\/types\/page"}],"author":[{"embeddable":true,"href":"https:\/\/zlobek.lukow.pl\/index.php\/wp-json\/wp\/v2\/users\/1"}],"replies":[{"embeddable":true,"href":"https:\/\/zlobek.lukow.pl\/index.php\/wp-json\/wp\/v2\/comments?post=38"}],"version-history":[{"count":8,"href":"https:\/\/zlobek.lukow.pl\/index.php\/wp-json\/wp\/v2\/pages\/38\/revisions"}],"predecessor-version":[{"id":760,"href":"https:\/\/zlobek.lukow.pl\/index.php\/wp-json\/wp\/v2\/pages\/38\/revisions\/760"}],"wp:featuredmedia":[{"embeddable":true,"href":"https:\/\/zlobek.lukow.pl\/index.php\/wp-json\/wp\/v2\/media\/708"}],"wp:attachment":[{"href":"https:\/\/zlobek.lukow.pl\/index.php\/wp-json\/wp\/v2\/media?parent=38"}],"curies":[{"name":"wp","href":"https:\/\/api.w.org\/{rel}","templated":true}]}}