{"id":583,"date":"2025-08-31T20:57:45","date_gmt":"2025-08-31T20:57:45","guid":{"rendered":"https:\/\/miasto-lukow.home.pl\/autoinstalator\/wordpress\/?page_id=583"},"modified":"2025-09-19T06:05:21","modified_gmt":"2025-09-19T06:05:21","slug":"polityka-prywatnosci","status":"publish","type":"page","link":"http:\/\/zlobek.lukow.pl\/index.php\/polityka-prywatnosci\/","title":{"rendered":"Polityka prywatno\u015bci"},"content":{"rendered":"\n<div class=\"wp-block-uagb-container uagb-block-3620749f alignfull uagb-is-root-container\"><div class=\"uagb-container-inner-blocks-wrap\">\n<div class=\"wp-block-uagb-advanced-heading uagb-block-e813accb\"><h2 class=\"uagb-heading-text\">Polityka prywatno\u015bci<\/h2><\/div>\n\n\n\n<div class=\"wp-block-uagb-separator uagb-block-bed5ee38\"><div class=\"wp-block-uagb-separator__inner\" style=\"--my-background-image:\"><\/div><\/div>\n\n\n\n<p>opisuje zasady przetwarzania przez nas informacji na Tw\u00f3j temat, w tym danych osobowych oraz ciasteczek, czyli tzw. cookies.<\/p>\n<\/div><\/div>\n\n\n\n<div class=\"wp-block-uagb-container uagb-block-d3d805b7 alignfull uagb-is-root-container\"><div class=\"uagb-container-inner-blocks-wrap\">\n<p class=\"has-text-align-center\"><strong>1. Informacje og\u00f3lne<\/strong><\/p>\n\n\n\n<div class=\"wp-block-uagb-separator uagb-block-4ba38f21\"><div class=\"wp-block-uagb-separator__inner\" style=\"--my-background-image:\"><\/div><\/div>\n\n\n\n<ol class=\"wp-block-list\">\n<li>Niniejsza polityka dotyczy Serwisu www, funkcjonuj\u0105cego pod adresem url: <a href=\"http:\/\/zlobek.lukow.pl\">zlobek.lukow.pl<\/a><\/li>\n\n\n\n<li>Operatorem serwisu oraz Administratorem danych osobowych jest: Dorota Jo\u0144ska<\/li>\n\n\n\n<li>Adres kontaktowy poczty elektronicznej operatora: <a href=\"mailto:zlobek@um.lukow.pl\" target=\"_blank\" rel=\"noreferrer noopener\">zlobek@um.lukow.pl<\/a><\/li>\n\n\n\n<li>Operator jest Administratorem Twoich danych osobowych w odniesieniu do danych podanych dobrowolnie w Serwisie.<\/li>\n\n\n\n<li>Serwis wykorzystuje dane osobowe w nast\u0119puj\u0105cych celach:<br>&#8211; Prezentacja oferty lub informacji<br>&#8211; Obs\u0142uga zapyta\u0144 przez formularz<br>&#8211; Realizacja zam\u00f3wionych us\u0142ug<\/li>\n\n\n\n<li>Serwis realizuje funkcje pozyskiwania informacji o u\u017cytkownikach i ich zachowaniu w nast\u0119puj\u0105cy spos\u00f3b:<br>&#8211; Poprzez dobrowolnie wprowadzone w formularzach dane, kt\u00f3re zostaj\u0105 wprowadzone do system\u00f3w Operatora.<br>&#8211; oprzez zapisywanie w urz\u0105dzeniach ko\u0144cowych plik\u00f3w cookie (tzw. \u201eciasteczka\u201d).<\/li>\n<\/ol>\n<\/div><\/div>\n\n\n\n<div class=\"wp-block-uagb-container uagb-block-e769e941 alignfull uagb-is-root-container\"><div class=\"uagb-container-inner-blocks-wrap\">\n<p class=\"has-text-align-center\"><strong>2. Hosting<\/strong><\/p>\n\n\n\n<div class=\"wp-block-uagb-separator uagb-block-c87be801\"><div class=\"wp-block-uagb-separator__inner\" style=\"--my-background-image:\"><\/div><\/div>\n\n\n\n<ol class=\"wp-block-list\">\n<li>Miejsca logowania i wprowadzania danych osobowych s\u0105 chronione w warstwie transmisji (certyfikat SSL). Dzi\u0119ki temu dane osobowe i dane logowania, wprowadzone na stronie, zostaj\u0105 zaszyfrowane w komputerze u\u017cytkownika i mog\u0105 by\u0107 odczytane jedynie na docelowym serwerze.<\/li>\n\n\n\n<li>Operator okresowo zmienia swoje has\u0142a administracyjne.<\/li>\n\n\n\n<li>Istotnym elementem ochrony danych jest regularna aktualizacja wszelkiego oprogramowania, wykorzystywanego przez Operatora do przetwarzania danych osobowych, co w szczeg\u00f3lno\u015bci oznacza regularne aktualizacje komponent\u00f3w programistycznych<\/li>\n\n\n\n<li>W celu ochrony danych Operator regularnie wykonuje kopie bezpiecze\u0144stwa.<\/li>\n<\/ol>\n<\/div><\/div>\n\n\n\n<div class=\"wp-block-uagb-container uagb-block-27161a3d alignfull uagb-is-root-container\"><div class=\"uagb-container-inner-blocks-wrap\">\n<p class=\"has-text-align-center\"><strong>3. Hosting<\/strong><\/p>\n\n\n\n<div class=\"wp-block-uagb-separator uagb-block-c003de65\"><div class=\"wp-block-uagb-separator__inner\" style=\"--my-background-image:\"><\/div><\/div>\n\n\n\n<ol class=\"wp-block-list\">\n<li>Serwis jest hostowany (technicznie utrzymywany) na serwerach operatora : home.pl<\/li>\n\n\n\n<li>Firma hostingowa w celu zapewnienia niezawodno\u015bci technicznej prowadzi logi na poziomie serwera. Zapisowi mog\u0105 podlega\u0107:<br>&#8211; zasoby okre\u015blone identyfikatorem URL (adresy \u017c\u0105danych zasob\u00f3w \u2013 stron, plik\u00f3w),<br>&#8211; czas nadej\u015bcia zapytania,<br>&#8211; czas wys\u0142ania odpowiedzi,<br>&#8211; nazw\u0119 stacji klienta \u2013 identyfikacja realizowana przez protok\u00f3\u0142 HTTP,<br>&#8211; informacje o b\u0142\u0119dach jakie nast\u0105pi\u0142y przy realizacji transakcji HTTP,<br>&#8211; adres URL strony poprzednio odwiedzanej przez u\u017cytkownika (referer link) \u2013 w przypadku gdy  przej\u015bcie do Serwisu nast\u0105pi\u0142o przez odno\u015bnik,<br>&#8211; informacje o przegl\u0105darce u\u017cytkownika,<br>&#8211; informacje o adresie IP,<br>&#8211; informacje diagnostyczne zwi\u0105zane z procesem samodzielnego zamawiania us\u0142ug poprzez rejestratory na stronie,<br>&#8211; informacje zwi\u0105zane z obs\u0142ug\u0105 poczty elektronicznej kierowanej do Operatora oraz wysy\u0142anej przez Operatora.<\/li>\n<\/ol>\n<\/div><\/div>\n\n\n\n<div class=\"wp-block-uagb-container uagb-block-98ff4a76 alignfull uagb-is-root-container\"><div class=\"uagb-container-inner-blocks-wrap\">\n<p class=\"has-text-align-center\"><strong>4. Twoje prawa i dodatkowe informacje o sposobie wykorzystania danych<\/strong><\/p>\n\n\n\n<div class=\"wp-block-uagb-separator uagb-block-f25542bb\"><div class=\"wp-block-uagb-separator__inner\" style=\"--my-background-image:\"><\/div><\/div>\n\n\n\n<ol class=\"wp-block-list\">\n<li>W niekt\u00f3rych sytuacjach Administrator ma prawo przekazywa\u0107 Twoje dane osobowe innym odbiorcom, je\u015bli b\u0119dzie to niezb\u0119dne do wykonania zawartej z Tob\u0105 umowy lub do zrealizowania obowi\u0105zk\u00f3w ci\u0105\u017c\u0105cych na Administratorze. Dotyczy to takich grup odbiorc\u00f3w:<br>&#8211; osoby upowa\u017cnione przez nas, pracownicy i wsp\u00f3\u0142pracownicy, kt\u00f3rzy musz\u0105 mie\u0107 dost\u0119p do danych osobowych w celu wykonywania swoich obowi\u0105zk\u00f3w,<br>&#8211; firma hostingowa,<br>&#8211; firmy, z kt\u00f3rymi Administrator wsp\u00f3\u0142pracuje w zakresie marketingu w\u0142asnego,<\/li>\n\n\n\n<li>Twoje dane osobowe przetwarzane przez Administratora nie d\u0142u\u017cej, ni\u017c jest to konieczne do wykonania zwi\u0105zanych z nimi czynno\u015bci okre\u015blonych osobnymi przepisami (np. o prowadzeniu rachunkowo\u015bci). W odniesieniu do danych marketingowych dane nie b\u0119d\u0105 przetwarzane d\u0142u\u017cej ni\u017c przez 3 lata.<\/li>\n\n\n\n<li>Przys\u0142uguje Ci prawo \u017c\u0105dania od Administratora:<br>&#8211; dost\u0119pu do danych osobowych Ciebie dotycz\u0105cych,<br>&#8211; ich sprostowania,<br>&#8211; usuni\u0119cia,<br>&#8211; ograniczenia przetwarzania,<br>&#8211; oraz przenoszenia danych.<\/li>\n\n\n\n<li>Przys\u0142uguje Ci prawo do z\u0142o\u017cenia sprzeciwu w zakresie przetwarzania wskazanego w pkt 3.3 c) wobec przetwarzania danych osobowych w celu wykonania prawnie uzasadnionych interes\u00f3w realizowanych przez Administratora, w tym profilowania, przy czym prawo sprzeciwu nie b\u0119dzie mog\u0142o by\u0107 wykonane w przypadku istnienia wa\u017cnych prawnie uzasadnionych podstaw do przetwarzania, nadrz\u0119dnych wobec Ciebie interes\u00f3w, praw i wolno\u015bci, w szczeg\u00f3lno\u015bci ustalenia, dochodzenia lub obrony roszcze\u0144.<\/li>\n\n\n\n<li>Na dzia\u0142ania Administratora przys\u0142uguje skarga do Prezesa Urz\u0119du Ochrony Danych Osobowych, ul. Stawki 2, 00-193 Warszawa.<\/li>\n\n\n\n<li>Podanie danych osobowych jest dobrowolne, lecz niezb\u0119dne do obs\u0142ugi Serwisu.<\/li>\n\n\n\n<li>W stosunku do Ciebie mog\u0105 by\u0107 podejmowane czynno\u015bci polegaj\u0105ce na zautomatyzowanym podejmowaniu decyzji, w tym profilowaniu w celu \u015bwiadczenia us\u0142ug w ramach zawartej umowy oraz w celu prowadzenia przez Administratora marketingu bezpo\u015bredniego<\/li>\n\n\n\n<li>Dane osobowe nie s\u0105 przekazywane od kraj\u00f3w trzecich w rozumieniu przepis\u00f3w o ochronie danych osobowych. Oznacza to, \u017ce nie przesy\u0142amy ich poza teren Unii Europejskiej.<\/li>\n<\/ol>\n<\/div><\/div>\n\n\n\n<div class=\"wp-block-uagb-container uagb-block-a7d9294a alignfull uagb-is-root-container\"><div class=\"uagb-container-inner-blocks-wrap\">\n<p class=\"has-text-align-center\"><strong>5. Informacje w formularzach<\/strong><\/p>\n\n\n\n<div class=\"wp-block-uagb-separator uagb-block-6fd1f97b\"><div class=\"wp-block-uagb-separator__inner\" style=\"--my-background-image:\"><\/div><\/div>\n\n\n\n<ol class=\"wp-block-list\">\n<li>Serwis zbiera informacje podane dobrowolnie przez u\u017cytkownika, w tym dane osobowe, o ile zostan\u0105 one podane.<\/li>\n\n\n\n<li>Serwis mo\u017ce zapisa\u0107 informacje o parametrach po\u0142\u0105czenia (oznaczenie czasu, adres IP).<\/li>\n\n\n\n<li>Serwis, w niekt\u00f3rych wypadkach, mo\u017ce zapisa\u0107 informacj\u0119 u\u0142atwiaj\u0105c\u0105 powi\u0105zanie danych w formularzu z adresem e-mail u\u017cytkownika wype\u0142niaj\u0105cego formularz. W takim wypadku adres e-mail u\u017cytkownika pojawia si\u0119 wewn\u0105trz adresu url strony zawieraj\u0105cej formularz.<\/li>\n\n\n\n<li>Dane podane w formularzu s\u0105 przetwarzane w celu wynikaj\u0105cym z funkcji konkretnego formularza, np. w celu dokonania procesu obs\u0142ugi zg\u0142oszenia serwisowego lub kontaktu handlowego, rejestracji us\u0142ug itp. Ka\u017cdorazowo kontekst i opis formularza w czytelny spos\u00f3b informuje, do czego on s\u0142u\u017cy.<\/li>\n<\/ol>\n<\/div><\/div>\n\n\n\n<div class=\"wp-block-uagb-container uagb-block-d7330107 alignfull uagb-is-root-container\"><div class=\"uagb-container-inner-blocks-wrap\">\n<p class=\"has-text-align-center\"><strong>6. Logi Administratora<\/strong><\/p>\n\n\n\n<div class=\"wp-block-uagb-separator uagb-block-ee0b5054\"><div class=\"wp-block-uagb-separator__inner\" style=\"--my-background-image:\"><\/div><\/div>\n\n\n\n<ol class=\"wp-block-list\">\n<li>Informacje zachowaniu u\u017cytkownik\u00f3w w serwisie mog\u0105 podlega\u0107 logowaniu. Dane te s\u0105 wykorzystywane w celu administrowania serwisem.<\/li>\n<\/ol>\n<\/div><\/div>\n\n\n\n<div class=\"wp-block-uagb-container uagb-block-b8654860 alignfull uagb-is-root-container\"><div class=\"uagb-container-inner-blocks-wrap\">\n<p class=\"has-text-align-center\"><strong>7. Istotne techniki marketingowe<\/strong><\/p>\n\n\n\n<div class=\"wp-block-uagb-separator uagb-block-d59b505b\"><div class=\"wp-block-uagb-separator__inner\" style=\"--my-background-image:\"><\/div><\/div>\n\n\n\n<ol class=\"wp-block-list\">\n<li>Operator stosuje analiz\u0119 statystyczn\u0105 ruchu na stronie, poprzez Google Analytics (Google Inc. z siedzib\u0105 w USA). Operator nie przekazuje do operatora tej us\u0142ugi danych osobowych, a jedynie zanonimizowane informacje. Us\u0142uga bazuje na wykorzystaniu ciasteczek w urz\u0105dzeniu ko\u0144cowym u\u017cytkownika. W zakresie informacji o preferencjach u\u017cytkownika gromadzonych przez sie\u0107 reklamow\u0105 Google u\u017cytkownik mo\u017ce przegl\u0105da\u0107 i edytowa\u0107 informacje wynikaj\u0105ce z plik\u00f3w cookies przy pomocy narz\u0119dzia: https:\/\/www.google.com\/ads\/preferences\/<\/li>\n\n\n\n<li>Operator stosuje korzysta z piksela Facebooka. Ta technologia powoduje, \u017ce serwis Facebook (Facebook Inc. z siedzib\u0105 w USA) wie, \u017ce dana osoba w nim zarejestrowana korzysta z Serwisu. Bazuje w tym wypadku na danych, wobec kt\u00f3rych sam jest administratorem, Operator nie przekazuje od siebie \u017cadnych dodatkowych danych osobowych serwisowi Facebook. Us\u0142uga bazuje na wykorzystaniu ciasteczek w urz\u0105dzeniu ko\u0144cowym u\u017cytkownika.<\/li>\n<\/ol>\n<\/div><\/div>\n\n\n\n<div class=\"wp-block-uagb-container uagb-block-2265aa42 alignfull uagb-is-root-container\"><div class=\"uagb-container-inner-blocks-wrap\">\n<p class=\"has-text-align-center\"><strong>8. Informacja o plikach cookies<\/strong><\/p>\n\n\n\n<div class=\"wp-block-uagb-separator uagb-block-901f18f5\"><div class=\"wp-block-uagb-separator__inner\" style=\"--my-background-image:\"><\/div><\/div>\n\n\n\n<ol class=\"wp-block-list\">\n<li>Serwis korzysta z plik\u00f3w cookies.<\/li>\n\n\n\n<li>Pliki cookies (tzw. \u201eciasteczka\u201d) stanowi\u0105 dane informatyczne, w szczeg\u00f3lno\u015bci pliki tekstowe, kt\u00f3re przechowywane s\u0105 w urz\u0105dzeniu ko\u0144cowym U\u017cytkownika Serwisu i przeznaczone s\u0105 do korzystania ze stron internetowych Serwisu. Cookies zazwyczaj zawieraj\u0105 nazw\u0119 strony internetowej, z kt\u00f3rej pochodz\u0105, czas przechowywania ich na urz\u0105dzeniu ko\u0144cowym oraz unikalny numer.<\/li>\n\n\n\n<li>Podmiotem zamieszczaj\u0105cym na urz\u0105dzeniu ko\u0144cowym U\u017cytkownika Serwisu pliki cookies oraz uzyskuj\u0105cym do nich dost\u0119p jest operator Serwisu.<\/li>\n\n\n\n<li>Pliki cookies wykorzystywane s\u0105 w nast\u0119puj\u0105cych celach:<br>&#8211; utrzymanie sesji u\u017cytkownika Serwisu (po zalogowaniu), dzi\u0119ki kt\u00f3rej u\u017cytkownik nie musi na ka\u017cdej podstronie Serwisu ponownie wpisywa\u0107 loginu i has\u0142a,<br>&#8211; realizacji cel\u00f3w okre\u015blonych powy\u017cej w cz\u0119\u015bci \u201eIstotne techniki marketingowe\u201d,<\/li>\n\n\n\n<li>W ramach Serwisu stosowane s\u0105 dwa zasadnicze rodzaje plik\u00f3w cookies: \u201esesyjne\u201d (session cookies) oraz \u201esta\u0142e\u201d (persistent cookies). Cookies \u201esesyjne\u201d s\u0105 plikami tymczasowymi, kt\u00f3re przechowywane s\u0105 w urz\u0105dzeniu ko\u0144cowym U\u017cytkownika do czasu wylogowania, opuszczenia strony internetowej lub wy\u0142\u0105czenia oprogramowania (przegl\u0105darki internetowej). \u201eSta\u0142e\u201d pliki cookies przechowywane s\u0105 w urz\u0105dzeniu ko\u0144cowym U\u017cytkownika przez czas okre\u015blony w parametrach plik\u00f3w cookies lub do czasu ich usuni\u0119cia przez U\u017cytkownika.<\/li>\n\n\n\n<li>Oprogramowanie do przegl\u0105dania stron internetowych (przegl\u0105darka internetowa) zazwyczaj domy\u015blnie dopuszcza przechowywanie plik\u00f3w cookies w urz\u0105dzeniu ko\u0144cowym U\u017cytkownika. U\u017cytkownicy Serwisu mog\u0105 dokona\u0107 zmiany ustawie\u0144 w tym zakresie. Przegl\u0105darka internetowa umo\u017cliwia usuni\u0119cie plik\u00f3w cookies. Mo\u017cliwe jest tak\u017ce automatyczne blokowanie plik\u00f3w cookies Szczeg\u00f3\u0142owe informacje na ten temat zawiera pomoc lub dokumentacja przegl\u0105darki internetowej.<\/li>\n\n\n\n<li>Ograniczenia stosowania plik\u00f3w cookies mog\u0105 wp\u0142yn\u0105\u0107 na niekt\u00f3re funkcjonalno\u015bci dost\u0119pne na stronach internetowych Serwisu.<\/li>\n\n\n\n<li>Pliki cookies zamieszczane w urz\u0105dzeniu ko\u0144cowym U\u017cytkownika Serwisu wykorzystywane mog\u0105 by\u0107 r\u00f3wnie\u017c przez wsp\u00f3\u0142pracuj\u0105ce z operatorem Serwisu podmioty, w szczeg\u00f3lno\u015bci dotyczy to firm: Google (Google Inc. z siedzib\u0105 w USA), Facebook (Facebook Inc. z siedzib\u0105 w USA), Twitter (Twitter Inc. z siedzib\u0105 w USA).<\/li>\n<\/ol>\n<\/div><\/div>\n\n\n\n<div class=\"wp-block-uagb-container uagb-block-ff682e35 alignfull uagb-is-root-container\"><div class=\"uagb-container-inner-blocks-wrap\">\n<p class=\"has-text-align-center\"><strong>9. Zarz\u0105dzanie plikami cookies \u2013 jak w praktyce wyra\u017ca\u0107 i cofa\u0107 zgod\u0119?<\/strong><\/p>\n\n\n\n<div class=\"wp-block-uagb-separator uagb-block-215eb767\"><div class=\"wp-block-uagb-separator__inner\" style=\"--my-background-image:\"><\/div><\/div>\n\n\n\n<ol class=\"wp-block-list\">\n<li>Je\u015bli u\u017cytkownik nie chce otrzymywa\u0107 plik\u00f3w cookies, mo\u017ce zmieni\u0107 ustawienia przegl\u0105darki. Zastrzegamy, \u017ce wy\u0142\u0105czenie obs\u0142ugi plik\u00f3w cookies niezb\u0119dnych dla proces\u00f3w uwierzytelniania, bezpiecze\u0144stwa, utrzymania preferencji u\u017cytkownika mo\u017ce utrudni\u0107, a w skrajnych przypadkach mo\u017ce uniemo\u017cliwi\u0107 korzystanie ze stron www<\/li>\n\n\n\n<li>W celu zarz\u0105dzania ustawienia cookies wybierz z listy poni\u017cej przegl\u0105dark\u0119 internetow\u0105, kt\u00f3rej u\u017cywasz i post\u0119puj zgodnie z instrukcjami:<br>&#8211; Edge<br>&#8211; Internet Explorer<br>&#8211; Chrome<br>&#8211; Safari<br>&#8211; Firefox<br>&#8211; Opera<br>&#8211; Urz\u0105dzenia mobilne: Android, Safari (iOS), Windows Phone<\/li>\n<\/ol>\n<\/div><\/div>\n","protected":false},"excerpt":{"rendered":"<p>Polityka prywatno\u015bci opisuje zasady przetwarzania przez nas informacji na Tw\u00f3j temat, w tym danych osobowych oraz ciasteczek, czyli tzw. cookies. 1. Informacje og\u00f3lne 2. Hosting 3. Hosting 4. Twoje prawa i dodatkowe informacje o sposobie wykorzystania danych 5. Informacje w formularzach 6. Logi Administratora 7. Istotne techniki marketingowe 8. Informacja o plikach cookies 9. Zarz\u0105dzanie <a class=\"read-more-link\" href=\"http:\/\/zlobek.lukow.pl\/index.php\/polityka-prywatnosci\/\">Read More<\/a><\/p>\n","protected":false},"author":1,"featured_media":0,"parent":0,"menu_order":0,"comment_status":"closed","ping_status":"closed","template":"","meta":{"_editorskit_title_hidden":false,"_editorskit_reading_time":0,"_editorskit_is_block_options_detached":false,"_editorskit_block_options_position":"{}","_eb_attr":"","_uag_custom_page_level_css":"","footnotes":""},"class_list":["post-583","page","type-page","status-publish","hentry"],"yoast_head":"<!-- This site is optimized with the Yoast SEO plugin v25.9 - https:\/\/yoast.com\/wordpress\/plugins\/seo\/ -->\n<title>Polityka prywatno\u015bci - M\u00f3j \u017c\u0142obek<\/title>\n<meta name=\"robots\" content=\"index, follow, max-snippet:-1, max-image-preview:large, max-video-preview:-1\" \/>\n<link rel=\"canonical\" href=\"http:\/\/zlobek.lukow.pl\/index.php\/polityka-prywatnosci\/\" \/>\n<meta property=\"og:locale\" content=\"pl_PL\" \/>\n<meta property=\"og:type\" content=\"article\" \/>\n<meta property=\"og:title\" content=\"Polityka prywatno\u015bci - M\u00f3j \u017c\u0142obek\" \/>\n<meta property=\"og:description\" content=\"Polityka prywatno\u015bci opisuje zasady przetwarzania przez nas informacji na Tw\u00f3j temat, w tym danych osobowych oraz ciasteczek, czyli tzw. cookies. 1. Informacje og\u00f3lne 2. Hosting 3. Hosting 4. Twoje prawa i dodatkowe informacje o sposobie wykorzystania danych 5. Informacje w formularzach 6. Logi Administratora 7. Istotne techniki marketingowe 8. Informacja o plikach cookies 9. Zarz\u0105dzanie Read More\" \/>\n<meta property=\"og:url\" content=\"http:\/\/zlobek.lukow.pl\/index.php\/polityka-prywatnosci\/\" \/>\n<meta property=\"og:site_name\" content=\"M\u00f3j \u017c\u0142obek\" \/>\n<meta property=\"article:publisher\" content=\"https:\/\/www.facebook.com\/zlobek.lukow\/\" \/>\n<meta property=\"article:modified_time\" content=\"2025-09-19T06:05:21+00:00\" \/>\n<meta name=\"twitter:card\" content=\"summary_large_image\" \/>\n<meta name=\"twitter:label1\" content=\"Szacowany czas czytania\" \/>\n\t<meta name=\"twitter:data1\" content=\"8 minut\" \/>\n<script type=\"application\/ld+json\" class=\"yoast-schema-graph\">{\"@context\":\"https:\/\/schema.org\",\"@graph\":[{\"@type\":\"WebPage\",\"@id\":\"http:\/\/zlobek.lukow.pl\/index.php\/polityka-prywatnosci\/\",\"url\":\"http:\/\/zlobek.lukow.pl\/index.php\/polityka-prywatnosci\/\",\"name\":\"Polityka prywatno\u015bci - M\u00f3j \u017c\u0142obek\",\"isPartOf\":{\"@id\":\"https:\/\/zlobek.lukow.pl\/#website\"},\"datePublished\":\"2025-08-31T20:57:45+00:00\",\"dateModified\":\"2025-09-19T06:05:21+00:00\",\"breadcrumb\":{\"@id\":\"http:\/\/zlobek.lukow.pl\/index.php\/polityka-prywatnosci\/#breadcrumb\"},\"inLanguage\":\"pl-PL\",\"potentialAction\":[{\"@type\":\"ReadAction\",\"target\":[\"http:\/\/zlobek.lukow.pl\/index.php\/polityka-prywatnosci\/\"]}]},{\"@type\":\"BreadcrumbList\",\"@id\":\"http:\/\/zlobek.lukow.pl\/index.php\/polityka-prywatnosci\/#breadcrumb\",\"itemListElement\":[{\"@type\":\"ListItem\",\"position\":1,\"name\":\"Strona g\u0142\u00f3wna\",\"item\":\"https:\/\/zlobek.lukow.pl\/\"},{\"@type\":\"ListItem\",\"position\":2,\"name\":\"Polityka prywatno\u015bci\"}]},{\"@type\":\"WebSite\",\"@id\":\"https:\/\/zlobek.lukow.pl\/#website\",\"url\":\"https:\/\/zlobek.lukow.pl\/\",\"name\":\"M\u00f3j \u017c\u0142obek\",\"description\":\"Rozwijaj pasje i odkrywaj \u015bwiat \u2013 z nami ka\u017cde dziecko jest wyj\u0105tkowe!\",\"publisher\":{\"@id\":\"https:\/\/zlobek.lukow.pl\/#organization\"},\"potentialAction\":[{\"@type\":\"SearchAction\",\"target\":{\"@type\":\"EntryPoint\",\"urlTemplate\":\"https:\/\/zlobek.lukow.pl\/?s={search_term_string}\"},\"query-input\":{\"@type\":\"PropertyValueSpecification\",\"valueRequired\":true,\"valueName\":\"search_term_string\"}}],\"inLanguage\":\"pl-PL\"},{\"@type\":\"Organization\",\"@id\":\"https:\/\/zlobek.lukow.pl\/#organization\",\"name\":\"M\u00f3j \u017c\u0142obek\",\"url\":\"https:\/\/zlobek.lukow.pl\/\",\"logo\":{\"@type\":\"ImageObject\",\"inLanguage\":\"pl-PL\",\"@id\":\"https:\/\/zlobek.lukow.pl\/#\/schema\/logo\/image\/\",\"url\":\"http:\/\/zlobek.lukow.pl\/wp-content\/uploads\/2025\/09\/cropped-cropped-logo-zlobek8.png\",\"contentUrl\":\"http:\/\/zlobek.lukow.pl\/wp-content\/uploads\/2025\/09\/cropped-cropped-logo-zlobek8.png\",\"width\":1620,\"height\":326,\"caption\":\"M\u00f3j \u017c\u0142obek\"},\"image\":{\"@id\":\"https:\/\/zlobek.lukow.pl\/#\/schema\/logo\/image\/\"},\"sameAs\":[\"https:\/\/www.facebook.com\/zlobek.lukow\/\"]}]}<\/script>\n<!-- \/ Yoast SEO plugin. -->","yoast_head_json":{"title":"Polityka prywatno\u015bci - M\u00f3j \u017c\u0142obek","robots":{"index":"index","follow":"follow","max-snippet":"max-snippet:-1","max-image-preview":"max-image-preview:large","max-video-preview":"max-video-preview:-1"},"canonical":"http:\/\/zlobek.lukow.pl\/index.php\/polityka-prywatnosci\/","og_locale":"pl_PL","og_type":"article","og_title":"Polityka prywatno\u015bci - M\u00f3j \u017c\u0142obek","og_description":"Polityka prywatno\u015bci opisuje zasady przetwarzania przez nas informacji na Tw\u00f3j temat, w tym danych osobowych oraz ciasteczek, czyli tzw. cookies. 1. Informacje og\u00f3lne 2. Hosting 3. Hosting 4. Twoje prawa i dodatkowe informacje o sposobie wykorzystania danych 5. Informacje w formularzach 6. Logi Administratora 7. Istotne techniki marketingowe 8. Informacja o plikach cookies 9. Zarz\u0105dzanie Read More","og_url":"http:\/\/zlobek.lukow.pl\/index.php\/polityka-prywatnosci\/","og_site_name":"M\u00f3j \u017c\u0142obek","article_publisher":"https:\/\/www.facebook.com\/zlobek.lukow\/","article_modified_time":"2025-09-19T06:05:21+00:00","twitter_card":"summary_large_image","twitter_misc":{"Szacowany czas czytania":"8 minut"},"schema":{"@context":"https:\/\/schema.org","@graph":[{"@type":"WebPage","@id":"http:\/\/zlobek.lukow.pl\/index.php\/polityka-prywatnosci\/","url":"http:\/\/zlobek.lukow.pl\/index.php\/polityka-prywatnosci\/","name":"Polityka prywatno\u015bci - M\u00f3j \u017c\u0142obek","isPartOf":{"@id":"https:\/\/zlobek.lukow.pl\/#website"},"datePublished":"2025-08-31T20:57:45+00:00","dateModified":"2025-09-19T06:05:21+00:00","breadcrumb":{"@id":"http:\/\/zlobek.lukow.pl\/index.php\/polityka-prywatnosci\/#breadcrumb"},"inLanguage":"pl-PL","potentialAction":[{"@type":"ReadAction","target":["http:\/\/zlobek.lukow.pl\/index.php\/polityka-prywatnosci\/"]}]},{"@type":"BreadcrumbList","@id":"http:\/\/zlobek.lukow.pl\/index.php\/polityka-prywatnosci\/#breadcrumb","itemListElement":[{"@type":"ListItem","position":1,"name":"Strona g\u0142\u00f3wna","item":"https:\/\/zlobek.lukow.pl\/"},{"@type":"ListItem","position":2,"name":"Polityka prywatno\u015bci"}]},{"@type":"WebSite","@id":"https:\/\/zlobek.lukow.pl\/#website","url":"https:\/\/zlobek.lukow.pl\/","name":"M\u00f3j \u017c\u0142obek","description":"Rozwijaj pasje i odkrywaj \u015bwiat \u2013 z nami ka\u017cde dziecko jest wyj\u0105tkowe!","publisher":{"@id":"https:\/\/zlobek.lukow.pl\/#organization"},"potentialAction":[{"@type":"SearchAction","target":{"@type":"EntryPoint","urlTemplate":"https:\/\/zlobek.lukow.pl\/?s={search_term_string}"},"query-input":{"@type":"PropertyValueSpecification","valueRequired":true,"valueName":"search_term_string"}}],"inLanguage":"pl-PL"},{"@type":"Organization","@id":"https:\/\/zlobek.lukow.pl\/#organization","name":"M\u00f3j \u017c\u0142obek","url":"https:\/\/zlobek.lukow.pl\/","logo":{"@type":"ImageObject","inLanguage":"pl-PL","@id":"https:\/\/zlobek.lukow.pl\/#\/schema\/logo\/image\/","url":"http:\/\/zlobek.lukow.pl\/wp-content\/uploads\/2025\/09\/cropped-cropped-logo-zlobek8.png","contentUrl":"http:\/\/zlobek.lukow.pl\/wp-content\/uploads\/2025\/09\/cropped-cropped-logo-zlobek8.png","width":1620,"height":326,"caption":"M\u00f3j \u017c\u0142obek"},"image":{"@id":"https:\/\/zlobek.lukow.pl\/#\/schema\/logo\/image\/"},"sameAs":["https:\/\/www.facebook.com\/zlobek.lukow\/"]}]}},"uagb_featured_image_src":{"full":false,"thumbnail":false,"medium":false,"medium_large":false,"large":false,"1536x1536":false,"2048x2048":false,"homepage-slider":false,"homepage-slider-small":false,"page-top":false,"page-small":false,"loop-main":false,"thumb-gallery-widget":false},"uagb_author_info":{"display_name":"admin","author_link":"http:\/\/zlobek.lukow.pl\/index.php\/author\/admin\/"},"uagb_comment_info":0,"uagb_excerpt":"Polityka prywatno\u015bci opisuje zasady przetwarzania przez nas informacji na Tw\u00f3j temat, w tym danych osobowych oraz ciasteczek, czyli tzw. cookies. 1. Informacje og\u00f3lne 2. Hosting 3. Hosting 4. Twoje prawa i dodatkowe informacje o sposobie wykorzystania danych 5. Informacje w formularzach 6. Logi Administratora 7. Istotne techniki marketingowe 8. Informacja o plikach cookies 9. Zarz\u0105dzanie&hellip;","_links":{"self":[{"href":"http:\/\/zlobek.lukow.pl\/index.php\/wp-json\/wp\/v2\/pages\/583","targetHints":{"allow":["GET"]}}],"collection":[{"href":"http:\/\/zlobek.lukow.pl\/index.php\/wp-json\/wp\/v2\/pages"}],"about":[{"href":"http:\/\/zlobek.lukow.pl\/index.php\/wp-json\/wp\/v2\/types\/page"}],"author":[{"embeddable":true,"href":"http:\/\/zlobek.lukow.pl\/index.php\/wp-json\/wp\/v2\/users\/1"}],"replies":[{"embeddable":true,"href":"http:\/\/zlobek.lukow.pl\/index.php\/wp-json\/wp\/v2\/comments?post=583"}],"version-history":[{"count":12,"href":"http:\/\/zlobek.lukow.pl\/index.php\/wp-json\/wp\/v2\/pages\/583\/revisions"}],"predecessor-version":[{"id":1779,"href":"http:\/\/zlobek.lukow.pl\/index.php\/wp-json\/wp\/v2\/pages\/583\/revisions\/1779"}],"wp:attachment":[{"href":"http:\/\/zlobek.lukow.pl\/index.php\/wp-json\/wp\/v2\/media?parent=583"}],"curies":[{"name":"wp","href":"https:\/\/api.w.org\/{rel}","templated":true}]}}