{"id":45,"date":"2025-07-27T09:58:10","date_gmt":"2025-07-27T09:58:10","guid":{"rendered":"https:\/\/miasto-lukow.home.pl\/autoinstalator\/wordpress\/?page_id=45"},"modified":"2025-08-31T20:43:57","modified_gmt":"2025-08-31T20:43:57","slug":"kontakt","status":"publish","type":"page","link":"http:\/\/zlobek.lukow.pl\/index.php\/kontakt\/","title":{"rendered":"Kontakt"},"content":{"rendered":"\n<div class=\"wp-block-group is-nowrap is-layout-flex wp-container-core-group-is-layout-ad2f72ca wp-block-group-is-layout-flex\">\n<div class=\"wp-block-uagb-container uagb-block-7b7b7f5b alignfull uagb-is-root-container\"><div class=\"uagb-container-inner-blocks-wrap\">\n<div class=\"wp-block-uagb-advanced-heading uagb-block-6d94a20b\"><h2 class=\"uagb-heading-text\">Kontakt z Nami<\/h2><\/div>\n\n\n\n<div class=\"wp-block-uagb-separator uagb-block-656cf39d\"><div class=\"wp-block-uagb-separator__inner\" style=\"--my-background-image:\"><\/div><\/div>\n<\/div><\/div>\n<\/div>\n\n\n\n<div class=\"wp-block-uagb-container uag-blocks-common-selector uagb-block-4888924a alignfull uagb-is-root-container\"><div class=\"uagb-container-inner-blocks-wrap\">\n<div class=\"wp-block-uagb-container uagb-block-0ad65bbf\"><style id=\"wpforms-css-vars-487-block-b3f70db7-e804-4ca5-999c-2751900572a5\">\n\t\t\t\t#wpforms-487.wpforms-block-b3f70db7-e804-4ca5-999c-2751900572a5 {\n\t\t\t\t--wpforms-field-size-input-height: 43px;\n--wpforms-field-size-input-spacing: 15px;\n--wpforms-field-size-font-size: 16px;\n--wpforms-field-size-line-height: 19px;\n--wpforms-field-size-padding-h: 14px;\n--wpforms-field-size-checkbox-size: 16px;\n--wpforms-field-size-sublabel-spacing: 5px;\n--wpforms-field-size-icon-size: 1;\n--wpforms-label-size-font-size: 16px;\n--wpforms-label-size-line-height: 19px;\n--wpforms-label-size-sublabel-font-size: 14px;\n--wpforms-label-size-sublabel-line-height: 17px;\n--wpforms-button-size-font-size: 17px;\n--wpforms-button-size-height: 41px;\n--wpforms-button-size-padding-h: 15px;\n--wpforms-button-size-margin-top: 10px;\n\n\t\t\t}\n\t\t\t<\/style><div class=\"wpforms-container wpforms-container-full wpforms-block wpforms-block-b3f70db7-e804-4ca5-999c-2751900572a5 wpforms-render-modern\" id=\"wpforms-487\"><form id=\"wpforms-form-487\" class=\"wpforms-validate wpforms-form wpforms-ajax-form\" data-formid=\"487\" method=\"post\" enctype=\"multipart\/form-data\" action=\"\/index.php\/wp-json\/wp\/v2\/pages\/45\" data-token=\"2084fa2c209250c1e87d16923bb75d1d\" data-token-time=\"1777599081\"><noscript class=\"wpforms-error-noscript\">Aby wype\u0142ni\u0107 ten formularz, w\u0142\u0105cz obs\u0142ug\u0119 JavaScript w przegl\u0105darce.<\/noscript><div id=\"wpforms-error-noscript\" style=\"display: none;\">Aby wype\u0142ni\u0107 ten formularz, w\u0142\u0105cz obs\u0142ug\u0119 JavaScript w przegl\u0105darce.<\/div><div class=\"wpforms-field-container\"><div id=\"wpforms-487-field_1-container\" class=\"wpforms-field wpforms-field-name\" data-field-id=\"1\"><label class=\"wpforms-field-label\" for=\"wpforms-487-field_1\">Imi\u0119 i nazwisko <span class=\"wpforms-required-label\" aria-hidden=\"true\">*<\/span><\/label><input type=\"text\" id=\"wpforms-487-field_1\" class=\"wpforms-field-medium wpforms-field-required\" name=\"wpforms[fields][1]\" aria-errormessage=\"wpforms-487-field_1-error\" required><\/div>\t\t<div id=\"wpforms-487-field_5-container\"\n\t\t\tclass=\"wpforms-field wpforms-field-text\"\n\t\t\tdata-field-type=\"text\"\n\t\t\tdata-field-id=\"5\"\n\t\t\t>\n\t\t\t<label class=\"wpforms-field-label\" for=\"wpforms-487-field_5\" >(wymagane) Imi\u0119 Wiadomo\u015b\u0107<\/label>\n\t\t\t<input type=\"text\" id=\"wpforms-487-field_5\" class=\"wpforms-field-medium\" name=\"wpforms[fields][5]\" >\n\t\t<\/div>\n\t\t<div id=\"wpforms-487-field_2-container\" class=\"wpforms-field wpforms-field-email\" data-field-id=\"2\"><label class=\"wpforms-field-label\" for=\"wpforms-487-field_2\">Telefon<\/label><input type=\"email\" id=\"wpforms-487-field_2\" class=\"wpforms-field-medium\" name=\"wpforms[fields][2]\" spellcheck=\"false\" aria-errormessage=\"wpforms-487-field_2-error\" ><\/div><div id=\"wpforms-487-field_4-container\" class=\"wpforms-field wpforms-field-email\" data-field-id=\"4\"><label class=\"wpforms-field-label\" for=\"wpforms-487-field_4\">Adres e-mail (wymagane) <span class=\"wpforms-required-label\" aria-hidden=\"true\">*<\/span><\/label><input type=\"email\" id=\"wpforms-487-field_4\" class=\"wpforms-field-medium wpforms-field-required\" name=\"wpforms[fields][4]\" spellcheck=\"false\" aria-errormessage=\"wpforms-487-field_4-error\" required><\/div><div id=\"wpforms-487-field_3-container\" class=\"wpforms-field wpforms-field-textarea\" data-field-id=\"3\"><label class=\"wpforms-field-label\" for=\"wpforms-487-field_3\">Wiadomo\u015b\u0107 (wymagane) <span class=\"wpforms-required-label\" aria-hidden=\"true\">*<\/span><\/label><textarea id=\"wpforms-487-field_3\" class=\"wpforms-field-medium wpforms-field-required\" name=\"wpforms[fields][3]\" aria-errormessage=\"wpforms-487-field_3-error\" required><\/textarea><\/div><script>\n\t\t\t\t( function() {\n\t\t\t\t\tconst style = document.createElement( 'style' );\n\t\t\t\t\tstyle.appendChild( document.createTextNode( '#wpforms-487-field_5-container { position: absolute !important; overflow: hidden !important; display: inline !important; height: 1px !important; width: 1px !important; z-index: -1000 !important; padding: 0 !important; } #wpforms-487-field_5-container input { visibility: hidden; } #wpforms-conversational-form-page #wpforms-487-field_5-container label { counter-increment: none; }' ) );\n\t\t\t\t\tdocument.head.appendChild( style );\n\t\t\t\t\tdocument.currentScript?.remove();\n\t\t\t\t} )();\n\t\t\t<\/script><\/div><!-- .wpforms-field-container --><div class=\"wpforms-submit-container\" ><input type=\"hidden\" name=\"wpforms[id]\" value=\"487\"><input type=\"hidden\" name=\"page_title\" value=\"\"><input type=\"hidden\" name=\"page_url\" value=\"http:\/\/zlobek.lukow.pl\/index.php\/wp-json\/wp\/v2\/pages\/45\"><input type=\"hidden\" name=\"url_referer\" value=\"\"><button type=\"submit\" name=\"wpforms[submit]\" id=\"wpforms-submit-487\" class=\"wpforms-submit\" data-alt-text=\"Wysy\u0142anie...\" data-submit-text=\"Prze\u015blij\" aria-live=\"assertive\" value=\"wpforms-submit\">Prze\u015blij<\/button><img decoding=\"async\" data-src=\"http:\/\/zlobek.lukow.pl\/wp-content\/plugins\/wpforms-lite\/assets\/images\/submit-spin.svg\" class=\"wpforms-submit-spinner lazyload\" style=\"--smush-placeholder-width: 26px; --smush-placeholder-aspect-ratio: 26\/26;display: none;\" width=\"26\" height=\"26\" alt=\"Wczytywanie\" src=\"data:image\/svg+xml;base64,PHN2ZyB3aWR0aD0iMSIgaGVpZ2h0PSIxIiB4bWxucz0iaHR0cDovL3d3dy53My5vcmcvMjAwMC9zdmciPjwvc3ZnPg==\"><\/div><\/form><\/div>  <!-- .wpforms-container --><\/div>\n\n\n\n<div class=\"wp-block-uagb-container uagb-block-27a390f5\">\n<div style=\"height:4px\" aria-hidden=\"true\" class=\"wp-block-spacer\"><\/div>\n\n\n      \n\t\t\t<div class=\"uagb-icon-wrapper uagb-block-0e73aa4d      \"\n\t\t\tstyle=\"\" >\n\t\t\t\t\t\t\t\t\t<span class=\"uagb-svg-wrapper\" \n\t\t\t\t\t\t\t\t\t\ttabindex=\"0\">\t\t\n\t\t\t\t\t\t\t\t\t\t<svg xmlns=\"https:\/\/www.w3.org\/2000\/svg\" viewBox= \"0 0 512 512\" aria-hidden=\"true\"><path d=\"M511.2 387l-23.25 100.8c-3.266 14.25-15.79 24.22-30.46 24.22C205.2 512 0 306.8 0 54.5c0-14.66 9.969-27.2 24.22-30.45l100.8-23.25C139.7-2.602 154.7 5.018 160.8 18.92l46.52 108.5c5.438 12.78 1.77 27.67-8.98 36.45L144.5 207.1c33.98 69.22 90.26 125.5 159.5 159.5l44.08-53.8c8.688-10.78 23.69-14.51 36.47-8.975l108.5 46.51C506.1 357.2 514.6 372.4 511.2 387z\"><\/path><\/svg>\n\t\t\t\t\t\t\t\t\t<\/span>\n\t\t\t\t\t\t\t<\/div>\n\t\t\t\n\n\n<div style=\"height:28px\" aria-hidden=\"true\" class=\"wp-block-spacer\"><\/div>\n\n\n      \n\t\t\t<div class=\"uagb-icon-wrapper uagb-block-e1695756      \"\n\t\t\tstyle=\"\" >\n\t\t\t\t\t\t\t\t\t<span class=\"uagb-svg-wrapper\" \n\t\t\t\t\t\t\t\t\t\ttabindex=\"0\">\t\t\n\t\t\t\t\t\t\t\t\t\t<svg xmlns=\"https:\/\/www.w3.org\/2000\/svg\" viewBox= \"0 0 576 512\" aria-hidden=\"true\"><path d=\"M575.8 255.5C575.8 273.5 560.8 287.6 543.8 287.6H511.8L512.5 447.7C512.5 450.5 512.3 453.1 512 455.8V472C512 494.1 494.1 512 472 512H456C454.9 512 453.8 511.1 452.7 511.9C451.3 511.1 449.9 512 448.5 512H392C369.9 512 352 494.1 352 472V384C352 366.3 337.7 352 320 352H256C238.3 352 224 366.3 224 384V472C224 494.1 206.1 512 184 512H128.1C126.6 512 125.1 511.9 123.6 511.8C122.4 511.9 121.2 512 120 512H104C81.91 512 64 494.1 64 472V360C64 359.1 64.03 358.1 64.09 357.2V287.6H32.05C14.02 287.6 0 273.5 0 255.5C0 246.5 3.004 238.5 10.01 231.5L266.4 8.016C273.4 1.002 281.4 0 288.4 0C295.4 0 303.4 2.004 309.5 7.014L564.8 231.5C572.8 238.5 576.9 246.5 575.8 255.5L575.8 255.5z\"><\/path><\/svg>\n\t\t\t\t\t\t\t\t\t<\/span>\n\t\t\t\t\t\t\t<\/div>\n\t\t\t\n\n\n<div style=\"height:71px\" aria-hidden=\"true\" class=\"wp-block-spacer\"><\/div>\n\n\n      \n\t\t\t<div class=\"uagb-icon-wrapper uagb-block-be024413      \"\n\t\t\tstyle=\"\" >\n\t\t\t\t\t\t\t\t\t<span class=\"uagb-svg-wrapper\" \n\t\t\t\t\t\t\t\t\t\ttabindex=\"0\">\t\t\n\t\t\t\t\t\t\t\t\t\t<svg xmlns=\"https:\/\/www.w3.org\/2000\/svg\" viewBox= \"0 0 512 512\" aria-hidden=\"true\"><path d=\"M464 64C490.5 64 512 85.49 512 112C512 127.1 504.9 141.3 492.8 150.4L275.2 313.6C263.8 322.1 248.2 322.1 236.8 313.6L19.2 150.4C7.113 141.3 0 127.1 0 112C0 85.49 21.49 64 48 64H464zM217.6 339.2C240.4 356.3 271.6 356.3 294.4 339.2L512 176V384C512 419.3 483.3 448 448 448H64C28.65 448 0 419.3 0 384V176L217.6 339.2z\"><\/path><\/svg>\n\t\t\t\t\t\t\t\t\t<\/span>\n\t\t\t\t\t\t\t<\/div>\n\t\t\t\n\n\n<div style=\"height:43px\" aria-hidden=\"true\" class=\"wp-block-spacer\"><\/div>\n\n\n      \n\t\t\t<div class=\"uagb-icon-wrapper uagb-block-693f0985      \"\n\t\t\tstyle=\"\" >\n\t\t\t\t\t\t\t\t\t<span class=\"uagb-svg-wrapper\" \n\t\t\t\t\t\t\t\t\t\ttabindex=\"0\">\t\t\n\t\t\t\t\t\t\t\t\t\t<svg xmlns=\"https:\/\/www.w3.org\/2000\/svg\" viewBox= \"0 0 512 512\" aria-hidden=\"true\"><path d=\"M256 512C114.6 512 0 397.4 0 256C0 114.6 114.6 0 256 0C397.4 0 512 114.6 512 256C512 397.4 397.4 512 256 512zM232 256C232 264 236 271.5 242.7 275.1L338.7 339.1C349.7 347.3 364.6 344.3 371.1 333.3C379.3 322.3 376.3 307.4 365.3 300L280 243.2V120C280 106.7 269.3 96 255.1 96C242.7 96 231.1 106.7 231.1 120L232 256z\"><\/path><\/svg>\n\t\t\t\t\t\t\t\t\t<\/span>\n\t\t\t\t\t\t\t<\/div>\n\t\t\t\n\n\n<div style=\"height:17px\" aria-hidden=\"true\" class=\"wp-block-spacer\"><\/div>\n<\/div>\n\n\n\n<div class=\"wp-block-uagb-container uagb-block-ccfc33ad\">\n<div class=\"wp-block-uagb-separator uagb-block-d990ea7f\"><div class=\"wp-block-uagb-separator__inner\" style=\"--my-background-image:\"><\/div><\/div>\n\n\n\n<p><strong>Telefon<\/strong><br>51 579-03-30<\/p>\n\n\n\n<div class=\"wp-block-uagb-separator uagb-block-70488a75\"><div class=\"wp-block-uagb-separator__inner\" style=\"--my-background-image:\"><\/div><\/div>\n\n\n\n<p class=\"has-text-align-left\"><strong>Adres<br><\/strong>ul. J\u00f3zefa Pi\u0142sudskiego<br>21-400 \u0141uk\u00f3w<\/p>\n\n\n\n<div class=\"wp-block-uagb-separator uagb-block-6225e3c7\"><div class=\"wp-block-uagb-separator__inner\" style=\"--my-background-image:\"><\/div><\/div>\n\n\n\n<p class=\"has-text-align-left\"><strong>Email<\/strong><br>zlobek@um.lukow.pl<\/p>\n\n\n\n<div class=\"wp-block-uagb-separator uagb-block-382f3b12\"><div class=\"wp-block-uagb-separator__inner\" style=\"--my-background-image:\"><\/div><\/div>\n\n\n\n<p><strong>Godziny pracy<\/strong><br>Pon-Pi\u0105t: 06:30-17:00<\/p>\n\n\n\n<div class=\"wp-block-uagb-separator uagb-block-40ee37ce\"><div class=\"wp-block-uagb-separator__inner\" style=\"--my-background-image:\"><\/div><\/div>\n<\/div>\n<\/div><\/div>\n\n\n\n<div class=\"wp-block-uagb-container uagb-block-c3c80ac5 alignfull uagb-is-root-container\"><div class=\"uagb-container-inner-blocks-wrap\">\t\t\t<div \n\t\t\tclass=\"wp-block-uagb-google-map uagb-google-map__wrap uagb-block-8cb52274     \"\n\t\t\tstyle=\"\" >\n\t\t\t\t<embed\n\t\t\t\t\tclass=\"uagb-google-map__iframe\"\n\t\t\t\t\ttitle=\"Mapa Google dla \"\n\t\t\t\t\tsrc=\"https:\/\/maps.google.com\/maps?q=%C5%BB%C5%82obek%20Miejski%20Nr%201%20w%20%C5%81ukowie%20%C5%81uk%C3%B3w%20ul.%20J%C3%B3zefa%20Pi%C5%82sudskiego%2018%2C&#038;z=12&#038;hl=pl&#038;t=m&#038;output=embed&#038;iwloc=near\"\n\t\t\t\t\twidth=\"640\"\n\t\t\t\t\theight=\"424\"\n\t\t\t\t\tloading=\"lazy\"\n\t\t\t\t><\/embed>\n\t\t\t<\/div>\n\t\t\t<\/div><\/div>\n","protected":false},"excerpt":{"rendered":"<p>Kontakt z Nami Telefon51 579-03-30 Adresul. J\u00f3zefa Pi\u0142sudskiego21-400 \u0141uk\u00f3w Emailzlobek@um.lukow.pl Godziny pracyPon-Pi\u0105t: 06:30-17:00<\/p>\n","protected":false},"author":1,"featured_media":173,"parent":0,"menu_order":0,"comment_status":"closed","ping_status":"closed","template":"","meta":{"_editorskit_title_hidden":false,"_editorskit_reading_time":0,"_editorskit_is_block_options_detached":false,"_editorskit_block_options_position":"{}","_eb_attr":"","_uag_custom_page_level_css":"","footnotes":""},"class_list":["post-45","page","type-page","status-publish","has-post-thumbnail","hentry"],"yoast_head":"<!-- This site is optimized with the Yoast SEO plugin v25.9 - https:\/\/yoast.com\/wordpress\/plugins\/seo\/ -->\n<title>Kontakt - M\u00f3j \u017c\u0142obek<\/title>\n<meta name=\"robots\" content=\"index, follow, max-snippet:-1, max-image-preview:large, max-video-preview:-1\" \/>\n<link rel=\"canonical\" href=\"http:\/\/zlobek.lukow.pl\/index.php\/kontakt\/\" \/>\n<meta property=\"og:locale\" content=\"pl_PL\" \/>\n<meta property=\"og:type\" content=\"article\" \/>\n<meta property=\"og:title\" content=\"Kontakt - M\u00f3j \u017c\u0142obek\" \/>\n<meta property=\"og:description\" content=\"Kontakt z Nami Telefon51 579-03-30 Adresul. J\u00f3zefa Pi\u0142sudskiego21-400 \u0141uk\u00f3w Emailzlobek@um.lukow.pl Godziny pracyPon-Pi\u0105t: 06:30-17:00\" \/>\n<meta property=\"og:url\" content=\"http:\/\/zlobek.lukow.pl\/index.php\/kontakt\/\" \/>\n<meta property=\"og:site_name\" content=\"M\u00f3j \u017c\u0142obek\" \/>\n<meta property=\"article:publisher\" content=\"https:\/\/www.facebook.com\/zlobek.lukow\/\" \/>\n<meta property=\"article:modified_time\" content=\"2025-08-31T20:43:57+00:00\" \/>\n<meta property=\"og:image\" content=\"http:\/\/zlobek.lukow.pl\/wp-content\/uploads\/2025\/07\/Zlobek-scaled.jpg\" \/>\n\t<meta property=\"og:image:width\" content=\"2560\" \/>\n\t<meta property=\"og:image:height\" content=\"1154\" \/>\n\t<meta property=\"og:image:type\" content=\"image\/jpeg\" \/>\n<meta name=\"twitter:card\" content=\"summary_large_image\" \/>\n<script type=\"application\/ld+json\" class=\"yoast-schema-graph\">{\"@context\":\"https:\/\/schema.org\",\"@graph\":[{\"@type\":\"WebPage\",\"@id\":\"http:\/\/zlobek.lukow.pl\/index.php\/kontakt\/\",\"url\":\"http:\/\/zlobek.lukow.pl\/index.php\/kontakt\/\",\"name\":\"Kontakt - M\u00f3j \u017c\u0142obek\",\"isPartOf\":{\"@id\":\"http:\/\/zlobek.lukow.pl\/#website\"},\"primaryImageOfPage\":{\"@id\":\"http:\/\/zlobek.lukow.pl\/index.php\/kontakt\/#primaryimage\"},\"image\":{\"@id\":\"http:\/\/zlobek.lukow.pl\/index.php\/kontakt\/#primaryimage\"},\"thumbnailUrl\":\"http:\/\/zlobek.lukow.pl\/wp-content\/uploads\/2025\/07\/Zlobek-scaled.jpg\",\"datePublished\":\"2025-07-27T09:58:10+00:00\",\"dateModified\":\"2025-08-31T20:43:57+00:00\",\"breadcrumb\":{\"@id\":\"http:\/\/zlobek.lukow.pl\/index.php\/kontakt\/#breadcrumb\"},\"inLanguage\":\"pl-PL\",\"potentialAction\":[{\"@type\":\"ReadAction\",\"target\":[\"http:\/\/zlobek.lukow.pl\/index.php\/kontakt\/\"]}]},{\"@type\":\"ImageObject\",\"inLanguage\":\"pl-PL\",\"@id\":\"http:\/\/zlobek.lukow.pl\/index.php\/kontakt\/#primaryimage\",\"url\":\"http:\/\/zlobek.lukow.pl\/wp-content\/uploads\/2025\/07\/Zlobek-scaled.jpg\",\"contentUrl\":\"http:\/\/zlobek.lukow.pl\/wp-content\/uploads\/2025\/07\/Zlobek-scaled.jpg\",\"width\":2560,\"height\":1154},{\"@type\":\"BreadcrumbList\",\"@id\":\"http:\/\/zlobek.lukow.pl\/index.php\/kontakt\/#breadcrumb\",\"itemListElement\":[{\"@type\":\"ListItem\",\"position\":1,\"name\":\"Strona g\u0142\u00f3wna\",\"item\":\"http:\/\/zlobek.lukow.pl\/\"},{\"@type\":\"ListItem\",\"position\":2,\"name\":\"Kontakt\"}]},{\"@type\":\"WebSite\",\"@id\":\"http:\/\/zlobek.lukow.pl\/#website\",\"url\":\"http:\/\/zlobek.lukow.pl\/\",\"name\":\"M\u00f3j \u017c\u0142obek\",\"description\":\"Rozwijaj pasje i odkrywaj \u015bwiat \u2013 z nami ka\u017cde dziecko jest wyj\u0105tkowe!\",\"publisher\":{\"@id\":\"http:\/\/zlobek.lukow.pl\/#organization\"},\"potentialAction\":[{\"@type\":\"SearchAction\",\"target\":{\"@type\":\"EntryPoint\",\"urlTemplate\":\"http:\/\/zlobek.lukow.pl\/?s={search_term_string}\"},\"query-input\":{\"@type\":\"PropertyValueSpecification\",\"valueRequired\":true,\"valueName\":\"search_term_string\"}}],\"inLanguage\":\"pl-PL\"},{\"@type\":\"Organization\",\"@id\":\"http:\/\/zlobek.lukow.pl\/#organization\",\"name\":\"M\u00f3j \u017c\u0142obek\",\"url\":\"http:\/\/zlobek.lukow.pl\/\",\"logo\":{\"@type\":\"ImageObject\",\"inLanguage\":\"pl-PL\",\"@id\":\"http:\/\/zlobek.lukow.pl\/#\/schema\/logo\/image\/\",\"url\":\"http:\/\/zlobek.lukow.pl\/wp-content\/uploads\/2025\/09\/cropped-cropped-logo-zlobek8.png\",\"contentUrl\":\"http:\/\/zlobek.lukow.pl\/wp-content\/uploads\/2025\/09\/cropped-cropped-logo-zlobek8.png\",\"width\":1620,\"height\":326,\"caption\":\"M\u00f3j \u017c\u0142obek\"},\"image\":{\"@id\":\"http:\/\/zlobek.lukow.pl\/#\/schema\/logo\/image\/\"},\"sameAs\":[\"https:\/\/www.facebook.com\/zlobek.lukow\/\"]}]}<\/script>\n<!-- \/ Yoast SEO plugin. -->","yoast_head_json":{"title":"Kontakt - M\u00f3j \u017c\u0142obek","robots":{"index":"index","follow":"follow","max-snippet":"max-snippet:-1","max-image-preview":"max-image-preview:large","max-video-preview":"max-video-preview:-1"},"canonical":"http:\/\/zlobek.lukow.pl\/index.php\/kontakt\/","og_locale":"pl_PL","og_type":"article","og_title":"Kontakt - M\u00f3j \u017c\u0142obek","og_description":"Kontakt z Nami Telefon51 579-03-30 Adresul. J\u00f3zefa Pi\u0142sudskiego21-400 \u0141uk\u00f3w Emailzlobek@um.lukow.pl Godziny pracyPon-Pi\u0105t: 06:30-17:00","og_url":"http:\/\/zlobek.lukow.pl\/index.php\/kontakt\/","og_site_name":"M\u00f3j \u017c\u0142obek","article_publisher":"https:\/\/www.facebook.com\/zlobek.lukow\/","article_modified_time":"2025-08-31T20:43:57+00:00","og_image":[{"width":2560,"height":1154,"url":"http:\/\/zlobek.lukow.pl\/wp-content\/uploads\/2025\/07\/Zlobek-scaled.jpg","type":"image\/jpeg"}],"twitter_card":"summary_large_image","schema":{"@context":"https:\/\/schema.org","@graph":[{"@type":"WebPage","@id":"http:\/\/zlobek.lukow.pl\/index.php\/kontakt\/","url":"http:\/\/zlobek.lukow.pl\/index.php\/kontakt\/","name":"Kontakt - M\u00f3j \u017c\u0142obek","isPartOf":{"@id":"http:\/\/zlobek.lukow.pl\/#website"},"primaryImageOfPage":{"@id":"http:\/\/zlobek.lukow.pl\/index.php\/kontakt\/#primaryimage"},"image":{"@id":"http:\/\/zlobek.lukow.pl\/index.php\/kontakt\/#primaryimage"},"thumbnailUrl":"http:\/\/zlobek.lukow.pl\/wp-content\/uploads\/2025\/07\/Zlobek-scaled.jpg","datePublished":"2025-07-27T09:58:10+00:00","dateModified":"2025-08-31T20:43:57+00:00","breadcrumb":{"@id":"http:\/\/zlobek.lukow.pl\/index.php\/kontakt\/#breadcrumb"},"inLanguage":"pl-PL","potentialAction":[{"@type":"ReadAction","target":["http:\/\/zlobek.lukow.pl\/index.php\/kontakt\/"]}]},{"@type":"ImageObject","inLanguage":"pl-PL","@id":"http:\/\/zlobek.lukow.pl\/index.php\/kontakt\/#primaryimage","url":"http:\/\/zlobek.lukow.pl\/wp-content\/uploads\/2025\/07\/Zlobek-scaled.jpg","contentUrl":"http:\/\/zlobek.lukow.pl\/wp-content\/uploads\/2025\/07\/Zlobek-scaled.jpg","width":2560,"height":1154},{"@type":"BreadcrumbList","@id":"http:\/\/zlobek.lukow.pl\/index.php\/kontakt\/#breadcrumb","itemListElement":[{"@type":"ListItem","position":1,"name":"Strona g\u0142\u00f3wna","item":"http:\/\/zlobek.lukow.pl\/"},{"@type":"ListItem","position":2,"name":"Kontakt"}]},{"@type":"WebSite","@id":"http:\/\/zlobek.lukow.pl\/#website","url":"http:\/\/zlobek.lukow.pl\/","name":"M\u00f3j \u017c\u0142obek","description":"Rozwijaj pasje i odkrywaj \u015bwiat \u2013 z nami ka\u017cde dziecko jest wyj\u0105tkowe!","publisher":{"@id":"http:\/\/zlobek.lukow.pl\/#organization"},"potentialAction":[{"@type":"SearchAction","target":{"@type":"EntryPoint","urlTemplate":"http:\/\/zlobek.lukow.pl\/?s={search_term_string}"},"query-input":{"@type":"PropertyValueSpecification","valueRequired":true,"valueName":"search_term_string"}}],"inLanguage":"pl-PL"},{"@type":"Organization","@id":"http:\/\/zlobek.lukow.pl\/#organization","name":"M\u00f3j \u017c\u0142obek","url":"http:\/\/zlobek.lukow.pl\/","logo":{"@type":"ImageObject","inLanguage":"pl-PL","@id":"http:\/\/zlobek.lukow.pl\/#\/schema\/logo\/image\/","url":"http:\/\/zlobek.lukow.pl\/wp-content\/uploads\/2025\/09\/cropped-cropped-logo-zlobek8.png","contentUrl":"http:\/\/zlobek.lukow.pl\/wp-content\/uploads\/2025\/09\/cropped-cropped-logo-zlobek8.png","width":1620,"height":326,"caption":"M\u00f3j \u017c\u0142obek"},"image":{"@id":"http:\/\/zlobek.lukow.pl\/#\/schema\/logo\/image\/"},"sameAs":["https:\/\/www.facebook.com\/zlobek.lukow\/"]}]}},"uagb_featured_image_src":{"full":["http:\/\/zlobek.lukow.pl\/wp-content\/uploads\/2025\/07\/Zlobek-scaled.jpg",2560,1154,false],"thumbnail":["http:\/\/zlobek.lukow.pl\/wp-content\/uploads\/2025\/07\/Zlobek-150x150.jpg",150,150,true],"medium":["http:\/\/zlobek.lukow.pl\/wp-content\/uploads\/2025\/07\/Zlobek-300x135.jpg",300,135,true],"medium_large":["http:\/\/zlobek.lukow.pl\/wp-content\/uploads\/2025\/07\/Zlobek-768x346.jpg",768,346,true],"large":["http:\/\/zlobek.lukow.pl\/wp-content\/uploads\/2025\/07\/Zlobek-1024x461.jpg",887,399,true],"1536x1536":["http:\/\/zlobek.lukow.pl\/wp-content\/uploads\/2025\/07\/Zlobek-1536x692.jpg",1536,692,true],"2048x2048":["http:\/\/zlobek.lukow.pl\/wp-content\/uploads\/2025\/07\/Zlobek-2048x923.jpg",2048,923,true],"homepage-slider":["http:\/\/zlobek.lukow.pl\/wp-content\/uploads\/2025\/07\/Zlobek-1270x500.jpg",1270,500,true],"homepage-slider-small":["http:\/\/zlobek.lukow.pl\/wp-content\/uploads\/2025\/07\/Zlobek-947x500.jpg",947,500,true],"page-top":["http:\/\/zlobek.lukow.pl\/wp-content\/uploads\/2025\/07\/Zlobek-947x427.jpg",947,427,true],"page-small":["http:\/\/zlobek.lukow.pl\/wp-content\/uploads\/2025\/07\/Zlobek-624x281.jpg",624,281,true],"loop-main":["http:\/\/zlobek.lukow.pl\/wp-content\/uploads\/2025\/07\/Zlobek-365x240.jpg",365,240,true],"thumb-gallery-widget":["http:\/\/zlobek.lukow.pl\/wp-content\/uploads\/2025\/07\/Zlobek-84x56.jpg",84,56,true]},"uagb_author_info":{"display_name":"admin","author_link":"http:\/\/zlobek.lukow.pl\/index.php\/author\/admin\/"},"uagb_comment_info":0,"uagb_excerpt":"Kontakt z Nami Telefon51 579-03-30 Adresul. J\u00f3zefa Pi\u0142sudskiego21-400 \u0141uk\u00f3w Emailzlobek@um.lukow.pl Godziny pracyPon-Pi\u0105t: 06:30-17:00","_links":{"self":[{"href":"http:\/\/zlobek.lukow.pl\/index.php\/wp-json\/wp\/v2\/pages\/45","targetHints":{"allow":["GET"]}}],"collection":[{"href":"http:\/\/zlobek.lukow.pl\/index.php\/wp-json\/wp\/v2\/pages"}],"about":[{"href":"http:\/\/zlobek.lukow.pl\/index.php\/wp-json\/wp\/v2\/types\/page"}],"author":[{"embeddable":true,"href":"http:\/\/zlobek.lukow.pl\/index.php\/wp-json\/wp\/v2\/users\/1"}],"replies":[{"embeddable":true,"href":"http:\/\/zlobek.lukow.pl\/index.php\/wp-json\/wp\/v2\/comments?post=45"}],"version-history":[{"count":45,"href":"http:\/\/zlobek.lukow.pl\/index.php\/wp-json\/wp\/v2\/pages\/45\/revisions"}],"predecessor-version":[{"id":548,"href":"http:\/\/zlobek.lukow.pl\/index.php\/wp-json\/wp\/v2\/pages\/45\/revisions\/548"}],"wp:featuredmedia":[{"embeddable":true,"href":"http:\/\/zlobek.lukow.pl\/index.php\/wp-json\/wp\/v2\/media\/173"}],"wp:attachment":[{"href":"http:\/\/zlobek.lukow.pl\/index.php\/wp-json\/wp\/v2\/media?parent=45"}],"curies":[{"name":"wp","href":"https:\/\/api.w.org\/{rel}","templated":true}]}}