{"id":42,"date":"2025-07-27T09:58:09","date_gmt":"2025-07-27T09:58:09","guid":{"rendered":"https:\/\/miasto-lukow.home.pl\/autoinstalator\/wordpress\/?page_id=42"},"modified":"2025-09-07T20:24:56","modified_gmt":"2025-09-07T20:24:56","slug":"ramowy-rozklad-dnia","status":"publish","type":"page","link":"http:\/\/zlobek.lukow.pl\/index.php\/ramowy-rozklad-dnia\/","title":{"rendered":"Ramowy rozk\u0142ad dnia"},"content":{"rendered":"\n<div class=\"wp-block-uagb-image uagb-block-074f46e9 wp-block-uagb-image--layout-default wp-block-uagb-image--effect-static wp-block-uagb-image--align-none\"><figure class=\"wp-block-uagb-image__figure\"><img decoding=\"async\" data-srcset=\"http:\/\/miasto-lukow.home.pl\/autoinstalator\/wordpress\/wp-content\/uploads\/2025\/09\/ramowy-rozklad-dnia_OKI-1.png ,http:\/\/miasto-lukow.home.pl\/autoinstalator\/wordpress\/wp-content\/uploads\/2025\/09\/ramowy-rozklad-dnia_OKI-1.png 780w, http:\/\/miasto-lukow.home.pl\/autoinstalator\/wordpress\/wp-content\/uploads\/2025\/09\/ramowy-rozklad-dnia_OKI-1.png 360w\" data-sizes=\"auto, (max-width: 480px) 150px\" data-src=\"http:\/\/miasto-lukow.home.pl\/autoinstalator\/wordpress\/wp-content\/uploads\/2025\/09\/ramowy-rozklad-dnia_OKI-1.png\" alt=\"\" class=\"uag-image-699 lazyload\" width=\"948\" height=\"351\" title=\"ramowy rozk\u0142ad dnia_OKI\" role=\"img\" src=\"data:image\/svg+xml;base64,PHN2ZyB3aWR0aD0iMSIgaGVpZ2h0PSIxIiB4bWxucz0iaHR0cDovL3d3dy53My5vcmcvMjAwMC9zdmciPjwvc3ZnPg==\" style=\"--smush-placeholder-width: 948px; --smush-placeholder-aspect-ratio: 948\/351;\" \/><\/figure><\/div>\n\n\n\n<div class=\"wp-block-uagb-container uagb-block-7883f8b1 alignfull uagb-is-root-container\"><div class=\"uagb-container-inner-blocks-wrap\"><\/div><\/div>\n\n\n\n<div style=\"height:20px\" aria-hidden=\"true\" class=\"wp-block-spacer\"><\/div>\n\n\n\n<div class=\"wp-block-uagb-container uagb-block-2c97541f alignfull uagb-is-root-container\"><div class=\"uagb-container-inner-blocks-wrap\">\n<p><strong>6:30 \u2013 8:30&nbsp; <\/strong>powitanie i przyjmowanie dzieci, zabawy indywidualne,&nbsp;zabawy swobodne w r\u00f3\u017cnych  strefach rozwoju<\/p>\n\n\n\n<p><strong>8:30 \u2013 9:10&nbsp;<\/strong> poranna toaleta, \u015bniadanie<\/p>\n\n\n\n<p><strong>9:10 \u2013 9:30 <\/strong>zabawy integracyjne, zabawowe aktywno\u015bci edukacyjne<\/p>\n\n\n\n<p><strong>9:10 \u2013 9:30 <\/strong>zabawy integracyjne, zabawowe aktywno\u015bci edukacyjne<\/p>\n\n\n\n<p><strong>9.30 &#8211; 10.00 <\/strong>swobodne zabawy w k\u0105cikach zainteresowa\u0144, mycie r\u0105k przed II \u015bniadaniem<\/p>\n\n\n\n<p><strong>10.00 &#8211; 10.15<\/strong> II \u015bniadanie<\/p>\n\n\n\n<p><strong>10.15 \u2013 11.00<\/strong>&nbsp; spacer, zabawy ruchowe na \u015bwie\u017cym powietrzu, zabawy manualne, sensoryczne<\/p>\n\n\n\n<p><strong>11.00 &#8211; 11.15<\/strong> toaleta przedobiednia<\/p>\n\n\n\n<p><strong>12.00 &#8211; 13.45&nbsp; <\/strong>relaksacja, odpoczynek, mycie r\u0105k przed obiadem \u2013 zup\u0105<\/p>\n\n\n\n<p><strong>13.45 &#8211; 14.15&nbsp; <\/strong>obiad &#8211; zupa<\/p>\n\n\n\n<p><strong>14.15 &#8211; 15.00 <\/strong>zabawy swobodne i kierowane, mycie r\u0105k oraz&nbsp;podwieczorek<\/p>\n\n\n\n<p><strong>15.00 &#8211; 17.00 <\/strong>wsp\u00f3lna zabawa, zabawy swobodne, zabawowe aktywno\u015bci edukacyjne w ma\u0142ych grupach, czytanie&nbsp; bajek, zako\u0144czenie dnia, po\u017cegnanie.<\/p>\n<\/div><\/div>\n\n\n\n<p><\/p>\n","protected":false},"excerpt":{"rendered":"<p>6:30 \u2013 8:30&nbsp; powitanie i przyjmowanie dzieci, zabawy indywidualne,&nbsp;zabawy swobodne w r\u00f3\u017cnych strefach rozwoju 8:30 \u2013 9:10&nbsp; poranna toaleta, \u015bniadanie 9:10 \u2013 9:30 zabawy integracyjne, zabawowe aktywno\u015bci edukacyjne 9:10 \u2013 9:30 zabawy integracyjne, zabawowe aktywno\u015bci edukacyjne 9.30 &#8211; 10.00 swobodne zabawy w k\u0105cikach zainteresowa\u0144, mycie r\u0105k przed II \u015bniadaniem 10.00 &#8211; 10.15 II \u015bniadanie 10.15 <a class=\"read-more-link\" href=\"http:\/\/zlobek.lukow.pl\/index.php\/ramowy-rozklad-dnia\/\">Read More<\/a><\/p>\n","protected":false},"author":1,"featured_media":699,"parent":0,"menu_order":0,"comment_status":"closed","ping_status":"closed","template":"","meta":{"_editorskit_title_hidden":false,"_editorskit_reading_time":0,"_editorskit_is_block_options_detached":false,"_editorskit_block_options_position":"{}","_eb_attr":"","_uag_custom_page_level_css":"","footnotes":""},"class_list":["post-42","page","type-page","status-publish","has-post-thumbnail","hentry"],"yoast_head":"<!-- This site is optimized with the Yoast SEO plugin v25.9 - https:\/\/yoast.com\/wordpress\/plugins\/seo\/ -->\n<title>Ramowy rozk\u0142ad dnia - M\u00f3j \u017c\u0142obek<\/title>\n<meta name=\"robots\" content=\"index, follow, max-snippet:-1, max-image-preview:large, max-video-preview:-1\" \/>\n<link rel=\"canonical\" href=\"https:\/\/zlobek.lukow.pl\/index.php\/ramowy-rozklad-dnia\/\" \/>\n<meta property=\"og:locale\" content=\"pl_PL\" \/>\n<meta property=\"og:type\" content=\"article\" \/>\n<meta property=\"og:title\" content=\"Ramowy rozk\u0142ad dnia - M\u00f3j \u017c\u0142obek\" \/>\n<meta property=\"og:description\" content=\"6:30 \u2013 8:30&nbsp; powitanie i przyjmowanie dzieci, zabawy indywidualne,&nbsp;zabawy swobodne w r\u00f3\u017cnych strefach rozwoju 8:30 \u2013 9:10&nbsp; poranna toaleta, \u015bniadanie 9:10 \u2013 9:30 zabawy integracyjne, zabawowe aktywno\u015bci edukacyjne 9:10 \u2013 9:30 zabawy integracyjne, zabawowe aktywno\u015bci edukacyjne 9.30 &#8211; 10.00 swobodne zabawy w k\u0105cikach zainteresowa\u0144, mycie r\u0105k przed II \u015bniadaniem 10.00 &#8211; 10.15 II \u015bniadanie 10.15 Read More\" \/>\n<meta property=\"og:url\" content=\"https:\/\/zlobek.lukow.pl\/index.php\/ramowy-rozklad-dnia\/\" \/>\n<meta property=\"og:site_name\" content=\"M\u00f3j \u017c\u0142obek\" \/>\n<meta property=\"article:publisher\" content=\"https:\/\/www.facebook.com\/zlobek.lukow\/\" \/>\n<meta property=\"article:modified_time\" content=\"2025-09-07T20:24:56+00:00\" \/>\n<meta property=\"og:image\" content=\"https:\/\/zlobek.lukow.pl\/wp-content\/uploads\/2025\/09\/ramowy-rozklad-dnia_OKI-1.png\" \/>\n\t<meta property=\"og:image:width\" content=\"948\" \/>\n\t<meta property=\"og:image:height\" content=\"351\" \/>\n\t<meta property=\"og:image:type\" content=\"image\/png\" \/>\n<meta name=\"twitter:card\" content=\"summary_large_image\" \/>\n<meta name=\"twitter:label1\" content=\"Szacowany czas czytania\" \/>\n\t<meta name=\"twitter:data1\" content=\"1 minuta\" \/>\n<script type=\"application\/ld+json\" class=\"yoast-schema-graph\">{\"@context\":\"https:\/\/schema.org\",\"@graph\":[{\"@type\":\"WebPage\",\"@id\":\"https:\/\/zlobek.lukow.pl\/index.php\/ramowy-rozklad-dnia\/\",\"url\":\"https:\/\/zlobek.lukow.pl\/index.php\/ramowy-rozklad-dnia\/\",\"name\":\"Ramowy rozk\u0142ad dnia - M\u00f3j \u017c\u0142obek\",\"isPartOf\":{\"@id\":\"http:\/\/zlobek.lukow.pl\/#website\"},\"primaryImageOfPage\":{\"@id\":\"https:\/\/zlobek.lukow.pl\/index.php\/ramowy-rozklad-dnia\/#primaryimage\"},\"image\":{\"@id\":\"https:\/\/zlobek.lukow.pl\/index.php\/ramowy-rozklad-dnia\/#primaryimage\"},\"thumbnailUrl\":\"http:\/\/zlobek.lukow.pl\/wp-content\/uploads\/2025\/09\/ramowy-rozklad-dnia_OKI-1.png\",\"datePublished\":\"2025-07-27T09:58:09+00:00\",\"dateModified\":\"2025-09-07T20:24:56+00:00\",\"breadcrumb\":{\"@id\":\"https:\/\/zlobek.lukow.pl\/index.php\/ramowy-rozklad-dnia\/#breadcrumb\"},\"inLanguage\":\"pl-PL\",\"potentialAction\":[{\"@type\":\"ReadAction\",\"target\":[\"https:\/\/zlobek.lukow.pl\/index.php\/ramowy-rozklad-dnia\/\"]}]},{\"@type\":\"ImageObject\",\"inLanguage\":\"pl-PL\",\"@id\":\"https:\/\/zlobek.lukow.pl\/index.php\/ramowy-rozklad-dnia\/#primaryimage\",\"url\":\"http:\/\/zlobek.lukow.pl\/wp-content\/uploads\/2025\/09\/ramowy-rozklad-dnia_OKI-1.png\",\"contentUrl\":\"http:\/\/zlobek.lukow.pl\/wp-content\/uploads\/2025\/09\/ramowy-rozklad-dnia_OKI-1.png\",\"width\":948,\"height\":351},{\"@type\":\"BreadcrumbList\",\"@id\":\"https:\/\/zlobek.lukow.pl\/index.php\/ramowy-rozklad-dnia\/#breadcrumb\",\"itemListElement\":[{\"@type\":\"ListItem\",\"position\":1,\"name\":\"Strona g\u0142\u00f3wna\",\"item\":\"http:\/\/zlobek.lukow.pl\/\"},{\"@type\":\"ListItem\",\"position\":2,\"name\":\"Ramowy rozk\u0142ad dnia\"}]},{\"@type\":\"WebSite\",\"@id\":\"http:\/\/zlobek.lukow.pl\/#website\",\"url\":\"http:\/\/zlobek.lukow.pl\/\",\"name\":\"M\u00f3j \u017c\u0142obek\",\"description\":\"Rozwijaj pasje i odkrywaj \u015bwiat \u2013 z nami ka\u017cde dziecko jest wyj\u0105tkowe!\",\"publisher\":{\"@id\":\"http:\/\/zlobek.lukow.pl\/#organization\"},\"potentialAction\":[{\"@type\":\"SearchAction\",\"target\":{\"@type\":\"EntryPoint\",\"urlTemplate\":\"http:\/\/zlobek.lukow.pl\/?s={search_term_string}\"},\"query-input\":{\"@type\":\"PropertyValueSpecification\",\"valueRequired\":true,\"valueName\":\"search_term_string\"}}],\"inLanguage\":\"pl-PL\"},{\"@type\":\"Organization\",\"@id\":\"http:\/\/zlobek.lukow.pl\/#organization\",\"name\":\"M\u00f3j \u017c\u0142obek\",\"url\":\"http:\/\/zlobek.lukow.pl\/\",\"logo\":{\"@type\":\"ImageObject\",\"inLanguage\":\"pl-PL\",\"@id\":\"http:\/\/zlobek.lukow.pl\/#\/schema\/logo\/image\/\",\"url\":\"http:\/\/zlobek.lukow.pl\/wp-content\/uploads\/2025\/09\/cropped-cropped-logo-zlobek8.png\",\"contentUrl\":\"http:\/\/zlobek.lukow.pl\/wp-content\/uploads\/2025\/09\/cropped-cropped-logo-zlobek8.png\",\"width\":1620,\"height\":326,\"caption\":\"M\u00f3j \u017c\u0142obek\"},\"image\":{\"@id\":\"http:\/\/zlobek.lukow.pl\/#\/schema\/logo\/image\/\"},\"sameAs\":[\"https:\/\/www.facebook.com\/zlobek.lukow\/\"]}]}<\/script>\n<!-- \/ Yoast SEO plugin. -->","yoast_head_json":{"title":"Ramowy rozk\u0142ad dnia - M\u00f3j \u017c\u0142obek","robots":{"index":"index","follow":"follow","max-snippet":"max-snippet:-1","max-image-preview":"max-image-preview:large","max-video-preview":"max-video-preview:-1"},"canonical":"https:\/\/zlobek.lukow.pl\/index.php\/ramowy-rozklad-dnia\/","og_locale":"pl_PL","og_type":"article","og_title":"Ramowy rozk\u0142ad dnia - M\u00f3j \u017c\u0142obek","og_description":"6:30 \u2013 8:30&nbsp; powitanie i przyjmowanie dzieci, zabawy indywidualne,&nbsp;zabawy swobodne w r\u00f3\u017cnych strefach rozwoju 8:30 \u2013 9:10&nbsp; poranna toaleta, \u015bniadanie 9:10 \u2013 9:30 zabawy integracyjne, zabawowe aktywno\u015bci edukacyjne 9:10 \u2013 9:30 zabawy integracyjne, zabawowe aktywno\u015bci edukacyjne 9.30 &#8211; 10.00 swobodne zabawy w k\u0105cikach zainteresowa\u0144, mycie r\u0105k przed II \u015bniadaniem 10.00 &#8211; 10.15 II \u015bniadanie 10.15 Read More","og_url":"https:\/\/zlobek.lukow.pl\/index.php\/ramowy-rozklad-dnia\/","og_site_name":"M\u00f3j \u017c\u0142obek","article_publisher":"https:\/\/www.facebook.com\/zlobek.lukow\/","article_modified_time":"2025-09-07T20:24:56+00:00","og_image":[{"width":948,"height":351,"url":"https:\/\/zlobek.lukow.pl\/wp-content\/uploads\/2025\/09\/ramowy-rozklad-dnia_OKI-1.png","type":"image\/png"}],"twitter_card":"summary_large_image","twitter_misc":{"Szacowany czas czytania":"1 minuta"},"schema":{"@context":"https:\/\/schema.org","@graph":[{"@type":"WebPage","@id":"https:\/\/zlobek.lukow.pl\/index.php\/ramowy-rozklad-dnia\/","url":"https:\/\/zlobek.lukow.pl\/index.php\/ramowy-rozklad-dnia\/","name":"Ramowy rozk\u0142ad dnia - M\u00f3j \u017c\u0142obek","isPartOf":{"@id":"http:\/\/zlobek.lukow.pl\/#website"},"primaryImageOfPage":{"@id":"https:\/\/zlobek.lukow.pl\/index.php\/ramowy-rozklad-dnia\/#primaryimage"},"image":{"@id":"https:\/\/zlobek.lukow.pl\/index.php\/ramowy-rozklad-dnia\/#primaryimage"},"thumbnailUrl":"http:\/\/zlobek.lukow.pl\/wp-content\/uploads\/2025\/09\/ramowy-rozklad-dnia_OKI-1.png","datePublished":"2025-07-27T09:58:09+00:00","dateModified":"2025-09-07T20:24:56+00:00","breadcrumb":{"@id":"https:\/\/zlobek.lukow.pl\/index.php\/ramowy-rozklad-dnia\/#breadcrumb"},"inLanguage":"pl-PL","potentialAction":[{"@type":"ReadAction","target":["https:\/\/zlobek.lukow.pl\/index.php\/ramowy-rozklad-dnia\/"]}]},{"@type":"ImageObject","inLanguage":"pl-PL","@id":"https:\/\/zlobek.lukow.pl\/index.php\/ramowy-rozklad-dnia\/#primaryimage","url":"http:\/\/zlobek.lukow.pl\/wp-content\/uploads\/2025\/09\/ramowy-rozklad-dnia_OKI-1.png","contentUrl":"http:\/\/zlobek.lukow.pl\/wp-content\/uploads\/2025\/09\/ramowy-rozklad-dnia_OKI-1.png","width":948,"height":351},{"@type":"BreadcrumbList","@id":"https:\/\/zlobek.lukow.pl\/index.php\/ramowy-rozklad-dnia\/#breadcrumb","itemListElement":[{"@type":"ListItem","position":1,"name":"Strona g\u0142\u00f3wna","item":"http:\/\/zlobek.lukow.pl\/"},{"@type":"ListItem","position":2,"name":"Ramowy rozk\u0142ad dnia"}]},{"@type":"WebSite","@id":"http:\/\/zlobek.lukow.pl\/#website","url":"http:\/\/zlobek.lukow.pl\/","name":"M\u00f3j \u017c\u0142obek","description":"Rozwijaj pasje i odkrywaj \u015bwiat \u2013 z nami ka\u017cde dziecko jest wyj\u0105tkowe!","publisher":{"@id":"http:\/\/zlobek.lukow.pl\/#organization"},"potentialAction":[{"@type":"SearchAction","target":{"@type":"EntryPoint","urlTemplate":"http:\/\/zlobek.lukow.pl\/?s={search_term_string}"},"query-input":{"@type":"PropertyValueSpecification","valueRequired":true,"valueName":"search_term_string"}}],"inLanguage":"pl-PL"},{"@type":"Organization","@id":"http:\/\/zlobek.lukow.pl\/#organization","name":"M\u00f3j \u017c\u0142obek","url":"http:\/\/zlobek.lukow.pl\/","logo":{"@type":"ImageObject","inLanguage":"pl-PL","@id":"http:\/\/zlobek.lukow.pl\/#\/schema\/logo\/image\/","url":"http:\/\/zlobek.lukow.pl\/wp-content\/uploads\/2025\/09\/cropped-cropped-logo-zlobek8.png","contentUrl":"http:\/\/zlobek.lukow.pl\/wp-content\/uploads\/2025\/09\/cropped-cropped-logo-zlobek8.png","width":1620,"height":326,"caption":"M\u00f3j \u017c\u0142obek"},"image":{"@id":"http:\/\/zlobek.lukow.pl\/#\/schema\/logo\/image\/"},"sameAs":["https:\/\/www.facebook.com\/zlobek.lukow\/"]}]}},"uagb_featured_image_src":{"full":["http:\/\/zlobek.lukow.pl\/wp-content\/uploads\/2025\/09\/ramowy-rozklad-dnia_OKI-1.png",948,351,false],"thumbnail":["http:\/\/zlobek.lukow.pl\/wp-content\/uploads\/2025\/09\/ramowy-rozklad-dnia_OKI-1-150x150.png",150,150,true],"medium":["http:\/\/zlobek.lukow.pl\/wp-content\/uploads\/2025\/09\/ramowy-rozklad-dnia_OKI-1-300x111.png",300,111,true],"medium_large":["http:\/\/zlobek.lukow.pl\/wp-content\/uploads\/2025\/09\/ramowy-rozklad-dnia_OKI-1-768x284.png",768,284,true],"large":["http:\/\/zlobek.lukow.pl\/wp-content\/uploads\/2025\/09\/ramowy-rozklad-dnia_OKI-1.png",887,328,false],"1536x1536":["http:\/\/zlobek.lukow.pl\/wp-content\/uploads\/2025\/09\/ramowy-rozklad-dnia_OKI-1.png",948,351,false],"2048x2048":["http:\/\/zlobek.lukow.pl\/wp-content\/uploads\/2025\/09\/ramowy-rozklad-dnia_OKI-1.png",948,351,false],"homepage-slider":["http:\/\/zlobek.lukow.pl\/wp-content\/uploads\/2025\/09\/ramowy-rozklad-dnia_OKI-1.png",948,351,false],"homepage-slider-small":["http:\/\/zlobek.lukow.pl\/wp-content\/uploads\/2025\/09\/ramowy-rozklad-dnia_OKI-1.png",947,351,false],"page-top":["http:\/\/zlobek.lukow.pl\/wp-content\/uploads\/2025\/09\/ramowy-rozklad-dnia_OKI-1.png",947,351,false],"page-small":["http:\/\/zlobek.lukow.pl\/wp-content\/uploads\/2025\/09\/ramowy-rozklad-dnia_OKI-1-624x231.png",624,231,true],"loop-main":["http:\/\/zlobek.lukow.pl\/wp-content\/uploads\/2025\/09\/ramowy-rozklad-dnia_OKI-1-365x240.png",365,240,true],"thumb-gallery-widget":["http:\/\/zlobek.lukow.pl\/wp-content\/uploads\/2025\/09\/ramowy-rozklad-dnia_OKI-1-84x56.png",84,56,true]},"uagb_author_info":{"display_name":"admin","author_link":"http:\/\/zlobek.lukow.pl\/index.php\/author\/admin\/"},"uagb_comment_info":0,"uagb_excerpt":"6:30 \u2013 8:30&nbsp; powitanie i przyjmowanie dzieci, zabawy indywidualne,&nbsp;zabawy swobodne w r\u00f3\u017cnych strefach rozwoju 8:30 \u2013 9:10&nbsp; poranna toaleta, \u015bniadanie 9:10 \u2013 9:30 zabawy integracyjne, zabawowe aktywno\u015bci edukacyjne 9:10 \u2013 9:30 zabawy integracyjne, zabawowe aktywno\u015bci edukacyjne 9.30 &#8211; 10.00 swobodne zabawy w k\u0105cikach zainteresowa\u0144, mycie r\u0105k przed II \u015bniadaniem 10.00 &#8211; 10.15 II \u015bniadanie 10.15&hellip;","_links":{"self":[{"href":"http:\/\/zlobek.lukow.pl\/index.php\/wp-json\/wp\/v2\/pages\/42","targetHints":{"allow":["GET"]}}],"collection":[{"href":"http:\/\/zlobek.lukow.pl\/index.php\/wp-json\/wp\/v2\/pages"}],"about":[{"href":"http:\/\/zlobek.lukow.pl\/index.php\/wp-json\/wp\/v2\/types\/page"}],"author":[{"embeddable":true,"href":"http:\/\/zlobek.lukow.pl\/index.php\/wp-json\/wp\/v2\/users\/1"}],"replies":[{"embeddable":true,"href":"http:\/\/zlobek.lukow.pl\/index.php\/wp-json\/wp\/v2\/comments?post=42"}],"version-history":[{"count":13,"href":"http:\/\/zlobek.lukow.pl\/index.php\/wp-json\/wp\/v2\/pages\/42\/revisions"}],"predecessor-version":[{"id":956,"href":"http:\/\/zlobek.lukow.pl\/index.php\/wp-json\/wp\/v2\/pages\/42\/revisions\/956"}],"wp:featuredmedia":[{"embeddable":true,"href":"http:\/\/zlobek.lukow.pl\/index.php\/wp-json\/wp\/v2\/media\/699"}],"wp:attachment":[{"href":"http:\/\/zlobek.lukow.pl\/index.php\/wp-json\/wp\/v2\/media?parent=42"}],"curies":[{"name":"wp","href":"https:\/\/api.w.org\/{rel}","templated":true}]}}