{"id":1353,"date":"2025-09-21T18:44:19","date_gmt":"2025-09-21T18:44:19","guid":{"rendered":"http:\/\/zlobek.lukow.pl\/?page_id=1353"},"modified":"2025-09-21T18:44:20","modified_gmt":"2025-09-21T18:44:20","slug":"wczesne-wspomaganie-rozwoju","status":"publish","type":"page","link":"http:\/\/zlobek.lukow.pl\/index.php\/wczesne-wspomaganie-rozwoju\/","title":{"rendered":"Wczesne wspomaganie rozwoju"},"content":{"rendered":"\n<p><strong>Czym jest?<\/strong><br>To zaj\u0119cia wspieraj\u0105ce indywidualny holistyczny rozw\u00f3j dziecka od najwcze\u015bniejszych miesi\u0119cy \u017cycia. Prowadzone s\u0105 przez zesp\u00f3\u0142 naszych specjalist\u00f3w.<\/p>\n\n\n\n<p><br><strong>G\u0142\u00f3wne cele:<\/strong><br>\u2022 stymulacja mowy, ruchu, emocji i rozwoju spo\u0142ecznego,<br>\u2022 zapobieganie op\u00f3\u017anieniom rozwojowym,<br>\u2022 wspieranie mocnych stron dziecka i budowanie jego to\u017csamo\u015bci i samodzielno\u015bci.<\/p>\n\n\n\n<p><br><strong>Jak wygl\u0105da praca z dzieckiem?<br><\/strong>Zaj\u0119cia odbywaj\u0105 si\u0119 w formie zabawy \u2013 dostosowanej do wieku i mo\u017cliwo\u015bci dziecka. U\u017cywamy:<br>\u2022 pomocy sensorycznych, klock\u00f3w, plansz i pacynek,<br>\u2022 element\u00f3w ruchu i muzyki,<br>\u2022 prostych zada\u0144 ucz\u0105cych skupienia, reagowania, pokazywania, na\u015bladowania,<br>\u2022 \u0107wicze\u0144 wspieraj\u0105cych rozw\u00f3j relacji \u2013 kontakt wzrokowy, reakcje na imi\u0119, wsp\u00f3lna zabawa.<\/p>\n\n\n\n<p><br><strong>Jak dziecko si\u0119 rozwija?<br><\/strong>Dziecko krok po kroku nabywa nowe umiej\u0119tno\u015bci \u2013 lepiej rozumie \u015bwiat, zaczyna si\u0119 komunikowa\u0107, ch\u0119tniej si\u0119ga po zabawki, buduje relacj\u0119 z doros\u0142ymi i innymi dzie\u0107mi.<\/p>\n\n\n\n<p><br><strong>Dlaczego warto?<br><\/strong>Bo ka\u017cde dziecko zas\u0142uguje na to, by rosn\u0105\u0107 w swoim tempie \u2013 z pomoc\u0105 doros\u0142ych, kt\u00f3rzy rozumiej\u0105 i wspieraj\u0105 z sercem.<\/p>\n\n\n\n<p><\/p>\n","protected":false},"excerpt":{"rendered":"<p>Czym jest?To zaj\u0119cia wspieraj\u0105ce indywidualny holistyczny rozw\u00f3j dziecka od najwcze\u015bniejszych miesi\u0119cy \u017cycia. Prowadzone s\u0105 przez zesp\u00f3\u0142 naszych specjalist\u00f3w. G\u0142\u00f3wne cele:\u2022 stymulacja mowy, ruchu, emocji i rozwoju spo\u0142ecznego,\u2022 zapobieganie op\u00f3\u017anieniom rozwojowym,\u2022 wspieranie mocnych stron dziecka i budowanie jego to\u017csamo\u015bci i samodzielno\u015bci. Jak wygl\u0105da praca z dzieckiem?Zaj\u0119cia odbywaj\u0105 si\u0119 w formie zabawy \u2013 dostosowanej do wieku i <a class=\"read-more-link\" href=\"http:\/\/zlobek.lukow.pl\/index.php\/wczesne-wspomaganie-rozwoju\/\">Read More<\/a><\/p>\n","protected":false},"author":1,"featured_media":0,"parent":0,"menu_order":0,"comment_status":"closed","ping_status":"closed","template":"","meta":{"_editorskit_title_hidden":false,"_editorskit_reading_time":0,"_editorskit_is_block_options_detached":false,"_editorskit_block_options_position":"{}","_eb_attr":"","_uag_custom_page_level_css":"","footnotes":""},"class_list":["post-1353","page","type-page","status-publish","hentry"],"yoast_head":"<!-- This site is optimized with the Yoast SEO plugin v25.9 - https:\/\/yoast.com\/wordpress\/plugins\/seo\/ -->\n<title>Wczesne wspomaganie rozwoju - M\u00f3j \u017c\u0142obek<\/title>\n<meta name=\"robots\" content=\"index, follow, max-snippet:-1, max-image-preview:large, max-video-preview:-1\" \/>\n<link rel=\"canonical\" href=\"http:\/\/zlobek.lukow.pl\/index.php\/wczesne-wspomaganie-rozwoju\/\" \/>\n<meta property=\"og:locale\" content=\"pl_PL\" \/>\n<meta property=\"og:type\" content=\"article\" \/>\n<meta property=\"og:title\" content=\"Wczesne wspomaganie rozwoju - M\u00f3j \u017c\u0142obek\" \/>\n<meta property=\"og:description\" content=\"Czym jest?To zaj\u0119cia wspieraj\u0105ce indywidualny holistyczny rozw\u00f3j dziecka od najwcze\u015bniejszych miesi\u0119cy \u017cycia. Prowadzone s\u0105 przez zesp\u00f3\u0142 naszych specjalist\u00f3w. G\u0142\u00f3wne cele:\u2022 stymulacja mowy, ruchu, emocji i rozwoju spo\u0142ecznego,\u2022 zapobieganie op\u00f3\u017anieniom rozwojowym,\u2022 wspieranie mocnych stron dziecka i budowanie jego to\u017csamo\u015bci i samodzielno\u015bci. Jak wygl\u0105da praca z dzieckiem?Zaj\u0119cia odbywaj\u0105 si\u0119 w formie zabawy \u2013 dostosowanej do wieku i Read More\" \/>\n<meta property=\"og:url\" content=\"http:\/\/zlobek.lukow.pl\/index.php\/wczesne-wspomaganie-rozwoju\/\" \/>\n<meta property=\"og:site_name\" content=\"M\u00f3j \u017c\u0142obek\" \/>\n<meta property=\"article:publisher\" content=\"https:\/\/www.facebook.com\/zlobek.lukow\/\" \/>\n<meta property=\"article:modified_time\" content=\"2025-09-21T18:44:20+00:00\" \/>\n<meta name=\"twitter:card\" content=\"summary_large_image\" \/>\n<meta name=\"twitter:label1\" content=\"Szacowany czas czytania\" \/>\n\t<meta name=\"twitter:data1\" content=\"1 minuta\" \/>\n<script type=\"application\/ld+json\" class=\"yoast-schema-graph\">{\"@context\":\"https:\/\/schema.org\",\"@graph\":[{\"@type\":\"WebPage\",\"@id\":\"http:\/\/zlobek.lukow.pl\/index.php\/wczesne-wspomaganie-rozwoju\/\",\"url\":\"http:\/\/zlobek.lukow.pl\/index.php\/wczesne-wspomaganie-rozwoju\/\",\"name\":\"Wczesne wspomaganie rozwoju - M\u00f3j \u017c\u0142obek\",\"isPartOf\":{\"@id\":\"http:\/\/zlobek.lukow.pl\/#website\"},\"datePublished\":\"2025-09-21T18:44:19+00:00\",\"dateModified\":\"2025-09-21T18:44:20+00:00\",\"breadcrumb\":{\"@id\":\"http:\/\/zlobek.lukow.pl\/index.php\/wczesne-wspomaganie-rozwoju\/#breadcrumb\"},\"inLanguage\":\"pl-PL\",\"potentialAction\":[{\"@type\":\"ReadAction\",\"target\":[\"http:\/\/zlobek.lukow.pl\/index.php\/wczesne-wspomaganie-rozwoju\/\"]}]},{\"@type\":\"BreadcrumbList\",\"@id\":\"http:\/\/zlobek.lukow.pl\/index.php\/wczesne-wspomaganie-rozwoju\/#breadcrumb\",\"itemListElement\":[{\"@type\":\"ListItem\",\"position\":1,\"name\":\"Strona g\u0142\u00f3wna\",\"item\":\"http:\/\/zlobek.lukow.pl\/\"},{\"@type\":\"ListItem\",\"position\":2,\"name\":\"Wczesne wspomaganie rozwoju\"}]},{\"@type\":\"WebSite\",\"@id\":\"http:\/\/zlobek.lukow.pl\/#website\",\"url\":\"http:\/\/zlobek.lukow.pl\/\",\"name\":\"M\u00f3j \u017c\u0142obek\",\"description\":\"Rozwijaj pasje i odkrywaj \u015bwiat \u2013 z nami ka\u017cde dziecko jest wyj\u0105tkowe!\",\"publisher\":{\"@id\":\"http:\/\/zlobek.lukow.pl\/#organization\"},\"potentialAction\":[{\"@type\":\"SearchAction\",\"target\":{\"@type\":\"EntryPoint\",\"urlTemplate\":\"http:\/\/zlobek.lukow.pl\/?s={search_term_string}\"},\"query-input\":{\"@type\":\"PropertyValueSpecification\",\"valueRequired\":true,\"valueName\":\"search_term_string\"}}],\"inLanguage\":\"pl-PL\"},{\"@type\":\"Organization\",\"@id\":\"http:\/\/zlobek.lukow.pl\/#organization\",\"name\":\"M\u00f3j \u017c\u0142obek\",\"url\":\"http:\/\/zlobek.lukow.pl\/\",\"logo\":{\"@type\":\"ImageObject\",\"inLanguage\":\"pl-PL\",\"@id\":\"http:\/\/zlobek.lukow.pl\/#\/schema\/logo\/image\/\",\"url\":\"http:\/\/zlobek.lukow.pl\/wp-content\/uploads\/2025\/09\/cropped-cropped-logo-zlobek8.png\",\"contentUrl\":\"http:\/\/zlobek.lukow.pl\/wp-content\/uploads\/2025\/09\/cropped-cropped-logo-zlobek8.png\",\"width\":1620,\"height\":326,\"caption\":\"M\u00f3j \u017c\u0142obek\"},\"image\":{\"@id\":\"http:\/\/zlobek.lukow.pl\/#\/schema\/logo\/image\/\"},\"sameAs\":[\"https:\/\/www.facebook.com\/zlobek.lukow\/\"]}]}<\/script>\n<!-- \/ Yoast SEO plugin. -->","yoast_head_json":{"title":"Wczesne wspomaganie rozwoju - M\u00f3j \u017c\u0142obek","robots":{"index":"index","follow":"follow","max-snippet":"max-snippet:-1","max-image-preview":"max-image-preview:large","max-video-preview":"max-video-preview:-1"},"canonical":"http:\/\/zlobek.lukow.pl\/index.php\/wczesne-wspomaganie-rozwoju\/","og_locale":"pl_PL","og_type":"article","og_title":"Wczesne wspomaganie rozwoju - M\u00f3j \u017c\u0142obek","og_description":"Czym jest?To zaj\u0119cia wspieraj\u0105ce indywidualny holistyczny rozw\u00f3j dziecka od najwcze\u015bniejszych miesi\u0119cy \u017cycia. Prowadzone s\u0105 przez zesp\u00f3\u0142 naszych specjalist\u00f3w. G\u0142\u00f3wne cele:\u2022 stymulacja mowy, ruchu, emocji i rozwoju spo\u0142ecznego,\u2022 zapobieganie op\u00f3\u017anieniom rozwojowym,\u2022 wspieranie mocnych stron dziecka i budowanie jego to\u017csamo\u015bci i samodzielno\u015bci. Jak wygl\u0105da praca z dzieckiem?Zaj\u0119cia odbywaj\u0105 si\u0119 w formie zabawy \u2013 dostosowanej do wieku i Read More","og_url":"http:\/\/zlobek.lukow.pl\/index.php\/wczesne-wspomaganie-rozwoju\/","og_site_name":"M\u00f3j \u017c\u0142obek","article_publisher":"https:\/\/www.facebook.com\/zlobek.lukow\/","article_modified_time":"2025-09-21T18:44:20+00:00","twitter_card":"summary_large_image","twitter_misc":{"Szacowany czas czytania":"1 minuta"},"schema":{"@context":"https:\/\/schema.org","@graph":[{"@type":"WebPage","@id":"http:\/\/zlobek.lukow.pl\/index.php\/wczesne-wspomaganie-rozwoju\/","url":"http:\/\/zlobek.lukow.pl\/index.php\/wczesne-wspomaganie-rozwoju\/","name":"Wczesne wspomaganie rozwoju - M\u00f3j \u017c\u0142obek","isPartOf":{"@id":"http:\/\/zlobek.lukow.pl\/#website"},"datePublished":"2025-09-21T18:44:19+00:00","dateModified":"2025-09-21T18:44:20+00:00","breadcrumb":{"@id":"http:\/\/zlobek.lukow.pl\/index.php\/wczesne-wspomaganie-rozwoju\/#breadcrumb"},"inLanguage":"pl-PL","potentialAction":[{"@type":"ReadAction","target":["http:\/\/zlobek.lukow.pl\/index.php\/wczesne-wspomaganie-rozwoju\/"]}]},{"@type":"BreadcrumbList","@id":"http:\/\/zlobek.lukow.pl\/index.php\/wczesne-wspomaganie-rozwoju\/#breadcrumb","itemListElement":[{"@type":"ListItem","position":1,"name":"Strona g\u0142\u00f3wna","item":"http:\/\/zlobek.lukow.pl\/"},{"@type":"ListItem","position":2,"name":"Wczesne wspomaganie rozwoju"}]},{"@type":"WebSite","@id":"http:\/\/zlobek.lukow.pl\/#website","url":"http:\/\/zlobek.lukow.pl\/","name":"M\u00f3j \u017c\u0142obek","description":"Rozwijaj pasje i odkrywaj \u015bwiat \u2013 z nami ka\u017cde dziecko jest wyj\u0105tkowe!","publisher":{"@id":"http:\/\/zlobek.lukow.pl\/#organization"},"potentialAction":[{"@type":"SearchAction","target":{"@type":"EntryPoint","urlTemplate":"http:\/\/zlobek.lukow.pl\/?s={search_term_string}"},"query-input":{"@type":"PropertyValueSpecification","valueRequired":true,"valueName":"search_term_string"}}],"inLanguage":"pl-PL"},{"@type":"Organization","@id":"http:\/\/zlobek.lukow.pl\/#organization","name":"M\u00f3j \u017c\u0142obek","url":"http:\/\/zlobek.lukow.pl\/","logo":{"@type":"ImageObject","inLanguage":"pl-PL","@id":"http:\/\/zlobek.lukow.pl\/#\/schema\/logo\/image\/","url":"http:\/\/zlobek.lukow.pl\/wp-content\/uploads\/2025\/09\/cropped-cropped-logo-zlobek8.png","contentUrl":"http:\/\/zlobek.lukow.pl\/wp-content\/uploads\/2025\/09\/cropped-cropped-logo-zlobek8.png","width":1620,"height":326,"caption":"M\u00f3j \u017c\u0142obek"},"image":{"@id":"http:\/\/zlobek.lukow.pl\/#\/schema\/logo\/image\/"},"sameAs":["https:\/\/www.facebook.com\/zlobek.lukow\/"]}]}},"uagb_featured_image_src":{"full":false,"thumbnail":false,"medium":false,"medium_large":false,"large":false,"1536x1536":false,"2048x2048":false,"homepage-slider":false,"homepage-slider-small":false,"page-top":false,"page-small":false,"loop-main":false,"thumb-gallery-widget":false},"uagb_author_info":{"display_name":"admin","author_link":"http:\/\/zlobek.lukow.pl\/index.php\/author\/admin\/"},"uagb_comment_info":0,"uagb_excerpt":"Czym jest?To zaj\u0119cia wspieraj\u0105ce indywidualny holistyczny rozw\u00f3j dziecka od najwcze\u015bniejszych miesi\u0119cy \u017cycia. Prowadzone s\u0105 przez zesp\u00f3\u0142 naszych specjalist\u00f3w. G\u0142\u00f3wne cele:\u2022 stymulacja mowy, ruchu, emocji i rozwoju spo\u0142ecznego,\u2022 zapobieganie op\u00f3\u017anieniom rozwojowym,\u2022 wspieranie mocnych stron dziecka i budowanie jego to\u017csamo\u015bci i samodzielno\u015bci. Jak wygl\u0105da praca z dzieckiem?Zaj\u0119cia odbywaj\u0105 si\u0119 w formie zabawy \u2013 dostosowanej do wieku i&hellip;","_links":{"self":[{"href":"http:\/\/zlobek.lukow.pl\/index.php\/wp-json\/wp\/v2\/pages\/1353","targetHints":{"allow":["GET"]}}],"collection":[{"href":"http:\/\/zlobek.lukow.pl\/index.php\/wp-json\/wp\/v2\/pages"}],"about":[{"href":"http:\/\/zlobek.lukow.pl\/index.php\/wp-json\/wp\/v2\/types\/page"}],"author":[{"embeddable":true,"href":"http:\/\/zlobek.lukow.pl\/index.php\/wp-json\/wp\/v2\/users\/1"}],"replies":[{"embeddable":true,"href":"http:\/\/zlobek.lukow.pl\/index.php\/wp-json\/wp\/v2\/comments?post=1353"}],"version-history":[{"count":1,"href":"http:\/\/zlobek.lukow.pl\/index.php\/wp-json\/wp\/v2\/pages\/1353\/revisions"}],"predecessor-version":[{"id":1355,"href":"http:\/\/zlobek.lukow.pl\/index.php\/wp-json\/wp\/v2\/pages\/1353\/revisions\/1355"}],"wp:attachment":[{"href":"http:\/\/zlobek.lukow.pl\/index.php\/wp-json\/wp\/v2\/media?parent=1353"}],"curies":[{"name":"wp","href":"https:\/\/api.w.org\/{rel}","templated":true}]}}